{"id":8174,"date":"2023-09-18T23:31:54","date_gmt":"2023-09-18T21:31:54","guid":{"rendered":"https:\/\/swedishgolfalliance.com\/vilkaar-og-betingelser\/"},"modified":"2026-03-12T01:32:13","modified_gmt":"2026-03-12T00:32:13","slug":"vilkaar-og-betingelser","status":"publish","type":"page","link":"https:\/\/swedishgolfalliance.com\/da\/vilkaar-og-betingelser\/","title":{"rendered":"Vilk\u00e5r og betingelser"},"content":{"rendered":"\t\t<div data-elementor-type=\"wp-page\" data-elementor-id=\"8174\" class=\"elementor elementor-8174 elementor-83\" data-elementor-post-type=\"page\">\n\t\t\t\t<div class=\"elementor-element elementor-element-7e4a3ba e-flex e-con-boxed e-con e-parent\" data-id=\"7e4a3ba\" data-element_type=\"container\" data-e-type=\"container\" data-settings=\"{&quot;jet_parallax_layout_list&quot;:[]}\">\n\t\t\t\t\t<div class=\"e-con-inner\">\n\t\t\t\t<div class=\"elementor-element elementor-element-cfbff9f elementor-widget elementor-widget-heading\" data-id=\"cfbff9f\" data-element_type=\"widget\" data-e-type=\"widget\" data-widget_type=\"heading.default\">\n\t\t\t\t<div class=\"elementor-widget-container\">\n\t\t\t\t\t<h1 class=\"elementor-heading-title elementor-size-default\">Vilk\u00e5r og betingelser<\/h1>\t\t\t\t<\/div>\n\t\t\t\t<\/div>\n\t\t\t\t<div class=\"elementor-element elementor-element-5fa1081 elementor-widget elementor-widget-text-editor\" data-id=\"5fa1081\" data-element_type=\"widget\" data-e-type=\"widget\" data-widget_type=\"text-editor.default\">\n\t\t\t\t<div class=\"elementor-widget-container\">\n\t\t\t\t\t\t\t\t\t<p data-start=\"257\" data-end=\"638\">Senest opdateret: 2025-12-21<\/p><p data-start=\"257\" data-end=\"638\">Ekholmsn\u00e4s Golf Liding\u00f6 AB (org.nr. 556266-8003) driver og ejer platformen swedishgolfalliance.com. Ved at klikke p\u00e5 knappen &#8220;K\u00f8b&#8221; accepterer du disse vilk\u00e5r og bekr\u00e6fter, at Ekholmsn\u00e4s Golf Liding\u00f6 AB modtager din ordre. Ekholmsn\u00e4s Golf Liding\u00f6 AB forbeholder sig retten til at opdatere og \u00e6ndre disse vilk\u00e5r og betingelser til enhver tid.  <\/p><h5 data-start=\"645\" data-end=\"662\">BETALINGSVILK\u00c5R<\/h5><p data-start=\"665\" data-end=\"775\">Medlemskaber fornyes automatisk den 1. januar hvert \u00e5r, medmindre de opsiges inden starten p\u00e5 det nye \u00e5r.<\/p><p data-start=\"778\" data-end=\"869\">Betaling for n\u00e6ste \u00e5rs medlemskab tr\u00e6kkes den 31. december i det indev\u00e6rende \u00e5r.<\/p><p data-start=\"872\" data-end=\"991\">Opsigelse skal ske senest den 30. december via din konto i afsnittet Mine sider, mens du er logget ind.<\/p><h5 data-start=\"998\" data-end=\"1027\">K\u00d8B OG BEKR\u00c6FTELSE<\/h5><p data-start=\"1030\" data-end=\"1112\">N\u00e5r dit medlemskab er registreret, sendes en bekr\u00e6ftelse via e-mail. Medlemskabet er gyldigt, n\u00e5r dit Golf-ID er blevet aktiveret. Du kan kontrollere dit aktive medlemskab ved at logge ind p\u00e5 Min Golf via <a class=\"decorated-link\" href=\"https:\/\/mingolf.golf.se\/login\" rel=\"noopener\" data-start=\"1257\" data-end=\"1287\">Golf.se<\/a>  <\/p><h5 data-start=\"1297\" data-end=\"1315\">PRISER OG MOMS<\/h5><p data-start=\"1318\" data-end=\"1416\">Alle priser er angivet i euro og inkluderer moms (VAT) med den g\u00e6ldende sats.<\/p><h5 data-start=\"1423\" data-end=\"1449\">LEVERING AF MEDLEMSKAB<\/h5><p data-start=\"1452\" data-end=\"1531\">K\u00f8bte medlemskaber aktiveres inden for 24 timer efter gennemf\u00f8rt betaling. Levering sker ved aktivering af din profil i GIT (Golf IT-systemet). <\/p><h5 data-start=\"1626\" data-end=\"1640\">REKLAMATIONER<\/h5><p data-start=\"1643\" data-end=\"1752\">Eventuelle reklamationer vedr\u00f8rende et nyregistreret medlemskab skal sendes via e-mail til <a href=\"mailto:info@swedishgolfalliance.com\">info@swedishgolfalliance.com<\/a><\/p><p data-start=\"1755\" data-end=\"1829\">Reklamationer skal indsendes inden for 14 dage efter modtagelse af din ordre. Hvis reklamationen godkendes, d\u00e6kker Ekholmsn\u00e4s Golf Liding\u00f6 AB returudgiften.<\/p><h5 data-start=\"1929\" data-end=\"1969\">FASTS\u00c6TTELSE OG JUSTERING AF GEBYRER<\/h5><p data-start=\"1972\" data-end=\"2058\">Gebyrer fasts\u00e6ttes af Ekholmsn\u00e4s Golf Liding\u00f6 AB, som forbeholder sig retten til at justere dem.<\/p><p data-start=\"2061\" data-end=\"2154\">Eventuelle pris\u00e6ndringer vil blive meddelt mindst 30 dage f\u00f8r n\u00e6ste faktureringsperiode.<\/p><p data-start=\"2157\" data-end=\"2307\">Meddelelser om pris\u00e6ndringer sendes via Svenska Golff\u00f6rbundets server til den e-mailadresse, der er registreret i din Min Golf-konto.<\/p>\t\t\t\t\t\t\t\t<\/div>\n\t\t\t\t<\/div>\n\t\t\t\t\t<\/div>\n\t\t\t\t<\/div>\n\t\t\t\t<\/div>\n\t\t","protected":false},"excerpt":{"rendered":"<p>Vilk\u00e5r og betingelser Senest opdateret: 2025-12-21 Ekholmsn\u00e4s Golf Liding\u00f6 AB (org.nr. 556266-8003) driver og ejer platformen swedishgolfalliance.com. Ved at klikke p\u00e5 knappen &#8220;K\u00f8b&#8221; accepterer du disse vilk\u00e5r og bekr\u00e6fter, at Ekholmsn\u00e4s Golf Liding\u00f6 AB modtager din ordre. Ekholmsn\u00e4s Golf Liding\u00f6 AB forbeholder sig retten til at opdatere og \u00e6ndre disse vilk\u00e5r og betingelser til enhver [&hellip;]<\/p>\n","protected":false},"author":1,"featured_media":0,"parent":0,"menu_order":0,"comment_status":"closed","ping_status":"closed","template":"","meta":{"footnotes":""},"class_list":["post-8174","page","type-page","status-publish","hentry"],"_links":{"self":[{"href":"https:\/\/swedishgolfalliance.com\/da\/wp-json\/wp\/v2\/pages\/8174","targetHints":{"allow":["GET"]}}],"collection":[{"href":"https:\/\/swedishgolfalliance.com\/da\/wp-json\/wp\/v2\/pages"}],"about":[{"href":"https:\/\/swedishgolfalliance.com\/da\/wp-json\/wp\/v2\/types\/page"}],"author":[{"embeddable":true,"href":"https:\/\/swedishgolfalliance.com\/da\/wp-json\/wp\/v2\/users\/1"}],"replies":[{"embeddable":true,"href":"https:\/\/swedishgolfalliance.com\/da\/wp-json\/wp\/v2\/comments?post=8174"}],"version-history":[{"count":1,"href":"https:\/\/swedishgolfalliance.com\/da\/wp-json\/wp\/v2\/pages\/8174\/revisions"}],"predecessor-version":[{"id":8175,"href":"https:\/\/swedishgolfalliance.com\/da\/wp-json\/wp\/v2\/pages\/8174\/revisions\/8175"}],"wp:attachment":[{"href":"https:\/\/swedishgolfalliance.com\/da\/wp-json\/wp\/v2\/media?parent=8174"}],"curies":[{"name":"wp","href":"https:\/\/api.w.org\/{rel}","templated":true}]}}