{"id":8198,"date":"2025-12-16T00:07:33","date_gmt":"2025-12-15T23:07:33","guid":{"rendered":"https:\/\/swedishgolfalliance.com\/medlemskab\/"},"modified":"2026-03-12T01:33:03","modified_gmt":"2026-03-12T00:33:03","slug":"medlemskab","status":"publish","type":"page","link":"https:\/\/swedishgolfalliance.com\/da\/medlemskab\/","title":{"rendered":"Medlemskab"},"content":{"rendered":"\t\t<div data-elementor-type=\"wp-page\" data-elementor-id=\"8198\" class=\"elementor elementor-8198 elementor-7423\" data-elementor-post-type=\"page\">\n\t\t\t\t<div class=\"elementor-element elementor-element-0e92bd9 e-flex e-con-boxed e-con e-parent\" data-id=\"0e92bd9\" data-element_type=\"container\" data-e-type=\"container\" data-settings=\"{&quot;background_background&quot;:&quot;classic&quot;,&quot;jet_parallax_layout_list&quot;:[]}\">\n\t\t\t\t\t<div class=\"e-con-inner\">\n\t\t<div class=\"elementor-element elementor-element-dfb9a70 e-con-full e-flex e-con e-child\" data-id=\"dfb9a70\" data-element_type=\"container\" data-e-type=\"container\" data-settings=\"{&quot;jet_parallax_layout_list&quot;:[]}\">\n\t\t\t\t<div class=\"elementor-element elementor-element-dfb60d5 elementor-widget elementor-widget-heading\" data-id=\"dfb60d5\" data-element_type=\"widget\" data-e-type=\"widget\" data-widget_type=\"heading.default\">\n\t\t\t\t<div class=\"elementor-widget-container\">\n\t\t\t\t\t<h1 class=\"elementor-heading-title elementor-size-default\">Alliance-medlemskab<\/h1>\t\t\t\t<\/div>\n\t\t\t\t<\/div>\n\t\t\t\t<div class=\"elementor-element elementor-element-8141aeb elementor-widget__width-initial elementor-widget-tablet__width-initial elementor-widget elementor-widget-text-editor\" data-id=\"8141aeb\" data-element_type=\"widget\" data-e-type=\"widget\" data-widget_type=\"text-editor.default\">\n\t\t\t\t<div class=\"elementor-widget-container\">\n\t\t\t\t\t\t\t\t\t<p data-start=\"79\" data-end=\"260\">Som medlem af Swedish Golf Alliance f\u00e5r du automatisk et medlemskab i Ekholmsn\u00e4s Golf Club, vores partnerklub tilknyttet Svenska Golff\u00f6rbundet, samt et VIP-medlemskab i vores partnerklub Los Arqueros Golf &amp; Country Club.<\/p><p data-start=\"262\" data-end=\"631\">Dit medlemskab giver dig et personligt Golf-ID, officiel WHS-handicapregistrering (HCP), et digitalt medlemskort og adgang til en personlig onlineprofil registreret hos Svenska Golff\u00f6rbundet. Via denne profil bliver dit handicap officielt fulgt og vedligeholdt i overensstemmelse med b\u00e5de Svenska Golff\u00f6rbundets og internationale golfregler.<\/p><p data-start=\"633\" data-end=\"988\">Som medlem af Swedish Golf Alliance bliver du direkte tilknyttet Ekholmsn\u00e4s Golf Club, hvilket bekr\u00e6fter din status som fuldt registreret golfer. Denne medlemskabsbekr\u00e6ftelse giver dig mulighed for at spille p\u00e5 golfbaner verden over, der kr\u00e6ver tilknytning til et anerkendt nationalt golfforbund, og sikrer din berettigelse b\u00e5de i Sverige og internationalt.<\/p><p class=\"isSelectedEnd\"><strong>Aktivering af medlemskab<\/strong><\/p><p class=\"isSelectedEnd\">Dit medlemskab i Ekholmsn\u00e4s Golf Club aktiveres, n\u00e5r du har gennemf\u00f8rt din registrering som medlem af Swedish Golf Alliance.<\/p><p>Dit VIP-medlemskab i Los Arqueros Golf &amp; Country Club kan aktiveres via linket nedenfor, n\u00e5r du har modtaget bekr\u00e6ftelse p\u00e5, at dit Swedish Golf Alliance-medlemskab er aktivt.<\/p><p><a href=\"http:\/\/www.losarquerosgolf.com\/vip-card-los-arqueros-golf\/getvipcard.php\">www.losarquerosgolf.com\/vip-card<\/a><\/p>\t\t\t\t\t\t\t\t<\/div>\n\t\t\t\t<\/div>\n\t\t\t\t<\/div>\n\t\t\t\t\t<\/div>\n\t\t\t\t<\/div>\n\t\t<div class=\"elementor-element elementor-element-501fce7 e-flex e-con-boxed e-con e-parent\" data-id=\"501fce7\" data-element_type=\"container\" data-e-type=\"container\" data-settings=\"{&quot;jet_parallax_layout_list&quot;:[],&quot;shape_divider_top&quot;:&quot;curve&quot;}\">\n\t\t\t\t\t<div class=\"e-con-inner\">\n\t\t\t\t<div class=\"elementor-shape elementor-shape-top\" aria-hidden=\"true\" data-negative=\"false\">\n\t\t\t<svg xmlns=\"http:\/\/www.w3.org\/2000\/svg\" viewBox=\"0 0 1000 100\" preserveAspectRatio=\"none\">\n    <path class=\"elementor-shape-fill\" d=\"M1000,4.3V0H0v4.3C0.9,23.1,126.7,99.2,500,100S1000,22.7,1000,4.3z\"\/>\n<\/svg>\t\t<\/div>\n\t\t\t\t<div class=\"elementor-element elementor-element-30b8fef4 elementor-widget elementor-widget-heading\" data-id=\"30b8fef4\" data-element_type=\"widget\" data-e-type=\"widget\" data-widget_type=\"heading.default\">\n\t\t\t\t<div class=\"elementor-widget-container\">\n\t\t\t\t\t<h2 class=\"elementor-heading-title elementor-size-default\">Medlemsfordele<\/h2>\t\t\t\t<\/div>\n\t\t\t\t<\/div>\n\t\t\t\t\t<\/div>\n\t\t\t\t<\/div>\n\t\t<div class=\"elementor-element elementor-element-2cfdc0e e-flex e-con-boxed e-con e-parent\" data-id=\"2cfdc0e\" data-element_type=\"container\" data-e-type=\"container\" data-settings=\"{&quot;jet_parallax_layout_list&quot;:[]}\">\n\t\t\t\t\t<div class=\"e-con-inner\">\n\t\t<div class=\"elementor-element elementor-element-125e9430 e-con-full e-flex e-con e-child\" data-id=\"125e9430\" data-element_type=\"container\" data-e-type=\"container\" data-settings=\"{&quot;jet_parallax_layout_list&quot;:[]}\">\n\t\t\t\t<div class=\"elementor-element elementor-element-2519b47 elementor-widget elementor-widget-image\" data-id=\"2519b47\" data-element_type=\"widget\" data-e-type=\"widget\" data-widget_type=\"image.default\">\n\t\t\t\t<div class=\"elementor-widget-container\">\n\t\t\t\t\t\t\t\t\t\t\t\t\t\t\t<img fetchpriority=\"high\" decoding=\"async\" width=\"800\" height=\"1000\" src=\"https:\/\/swedishgolfalliance.com\/wp-content\/uploads\/456444938_18453404197030192_7761373039373395157_n.jpg\" class=\"attachment-large size-large wp-image-8201\" alt=\"\" srcset=\"https:\/\/swedishgolfalliance.com\/wp-content\/uploads\/456444938_18453404197030192_7761373039373395157_n.jpg 1440w, https:\/\/swedishgolfalliance.com\/wp-content\/uploads\/456444938_18453404197030192_7761373039373395157_n-960x1200.jpg 960w, https:\/\/swedishgolfalliance.com\/wp-content\/uploads\/456444938_18453404197030192_7761373039373395157_n-768x960.jpg 768w, https:\/\/swedishgolfalliance.com\/wp-content\/uploads\/456444938_18453404197030192_7761373039373395157_n-1229x1536.jpg 1229w, https:\/\/swedishgolfalliance.com\/wp-content\/uploads\/456444938_18453404197030192_7761373039373395157_n-600x750.jpg 600w\" sizes=\"(max-width: 800px) 100vw, 800px\" \/>\t\t\t\t\t\t\t\t\t\t\t\t\t\t\t<\/div>\n\t\t\t\t<\/div>\n\t\t\t\t<div class=\"elementor-element elementor-element-510c42e3 elementor-widget elementor-widget-heading\" data-id=\"510c42e3\" data-element_type=\"widget\" data-e-type=\"widget\" data-widget_type=\"heading.default\">\n\t\t\t\t<div class=\"elementor-widget-container\">\n\t\t\t\t\t<h5 class=\"elementor-heading-title elementor-size-default\">Aktivt Golf-ID og HCP<\/h5>\t\t\t\t<\/div>\n\t\t\t\t<\/div>\n\t\t\t\t<div class=\"elementor-element elementor-element-5786300f elementor-widget elementor-widget-text-editor\" data-id=\"5786300f\" data-element_type=\"widget\" data-e-type=\"widget\" data-widget_type=\"text-editor.default\">\n\t\t\t\t<div class=\"elementor-widget-container\">\n\t\t\t\t\t\t\t\t\t<p><em>Som Alliance-medlem er du tilknyttet Ekholmsn\u00e4s Golf Club og f\u00e5r et officielt WHS-handicap samt et personligt Golf-ID.<\/em><\/p>\t\t\t\t\t\t\t\t<\/div>\n\t\t\t\t<\/div>\n\t\t\t\t<\/div>\n\t\t<div class=\"elementor-element elementor-element-4b0ecea1 e-con-full e-flex e-con e-child\" data-id=\"4b0ecea1\" data-element_type=\"container\" data-e-type=\"container\" data-settings=\"{&quot;jet_parallax_layout_list&quot;:[]}\">\n\t\t\t\t<div class=\"elementor-element elementor-element-5eb33ea3 elementor-widget elementor-widget-image\" data-id=\"5eb33ea3\" data-element_type=\"widget\" data-e-type=\"widget\" data-widget_type=\"image.default\">\n\t\t\t\t<div class=\"elementor-widget-container\">\n\t\t\t\t\t\t\t\t\t\t\t\t\t\t\t<img decoding=\"async\" width=\"230\" height=\"219\" src=\"https:\/\/swedishgolfalliance.com\/wp-content\/uploads\/2-2.png\" class=\"attachment-large size-large wp-image-8200\" alt=\"\" \/>\t\t\t\t\t\t\t\t\t\t\t\t\t\t\t<\/div>\n\t\t\t\t<\/div>\n\t\t\t\t<div class=\"elementor-element elementor-element-38f4ce8f elementor-widget elementor-widget-heading\" data-id=\"38f4ce8f\" data-element_type=\"widget\" data-e-type=\"widget\" data-widget_type=\"heading.default\">\n\t\t\t\t<div class=\"elementor-widget-container\">\n\t\t\t\t\t<h5 class=\"elementor-heading-title elementor-size-default\">Medlemskab i Ekholmsn\u00e4s Golf Club <\/h5>\t\t\t\t<\/div>\n\t\t\t\t<\/div>\n\t\t\t\t<div class=\"elementor-element elementor-element-7da7747d elementor-widget elementor-widget-text-editor\" data-id=\"7da7747d\" data-element_type=\"widget\" data-e-type=\"widget\" data-widget_type=\"text-editor.default\">\n\t\t\t\t<div class=\"elementor-widget-container\">\n\t\t\t\t\t\t\t\t\t<p><em>Alliance-medlemmer f\u00e5r et medlemskab i Ekholmsn\u00e4s Golf Club, vores partnerklub tilknyttet Svenska Golff\u00f6rbundet.<\/em><\/p>\t\t\t\t\t\t\t\t<\/div>\n\t\t\t\t<\/div>\n\t\t\t\t<\/div>\n\t\t\t\t\t<\/div>\n\t\t\t\t<\/div>\n\t\t<div class=\"elementor-element elementor-element-79751231 e-flex e-con-boxed e-con e-parent\" data-id=\"79751231\" data-element_type=\"container\" data-e-type=\"container\" data-settings=\"{&quot;jet_parallax_layout_list&quot;:[]}\">\n\t\t\t\t\t<div class=\"e-con-inner\">\n\t\t<div class=\"elementor-element elementor-element-54dfb198 e-con-full e-flex e-con e-child\" data-id=\"54dfb198\" data-element_type=\"container\" data-e-type=\"container\" data-settings=\"{&quot;jet_parallax_layout_list&quot;:[]}\">\n\t\t\t\t<div class=\"elementor-element elementor-element-d40c2eb elementor-widget elementor-widget-image\" data-id=\"d40c2eb\" data-element_type=\"widget\" data-e-type=\"widget\" data-widget_type=\"image.default\">\n\t\t\t\t<div class=\"elementor-widget-container\">\n\t\t\t\t\t\t\t\t\t\t\t\t\t\t\t<img decoding=\"async\" width=\"240\" height=\"207\" src=\"https:\/\/swedishgolfalliance.com\/wp-content\/uploads\/1-e1729516941236.webp\" class=\"attachment-large size-large wp-image-8202\" alt=\"\" \/>\t\t\t\t\t\t\t\t\t\t\t\t\t\t\t<\/div>\n\t\t\t\t<\/div>\n\t\t\t\t<div class=\"elementor-element elementor-element-47541191 elementor-widget elementor-widget-heading\" data-id=\"47541191\" data-element_type=\"widget\" data-e-type=\"widget\" data-widget_type=\"heading.default\">\n\t\t\t\t<div class=\"elementor-widget-container\">\n\t\t\t\t\t<h5 class=\"elementor-heading-title elementor-size-default\">Medlemsupport syv dage om ugen<\/h5>\t\t\t\t<\/div>\n\t\t\t\t<\/div>\n\t\t\t\t<div class=\"elementor-element elementor-element-3007ff7c elementor-widget elementor-widget-text-editor\" data-id=\"3007ff7c\" data-element_type=\"widget\" data-e-type=\"widget\" data-widget_type=\"text-editor.default\">\n\t\t\t\t<div class=\"elementor-widget-container\">\n\t\t\t\t\t\t\t\t\t<p><em>Som Alliance-medlem har du altid adgang til medlemsupport syv dage om ugen.<\/em><\/p>\t\t\t\t\t\t\t\t<\/div>\n\t\t\t\t<\/div>\n\t\t\t\t<\/div>\n\t\t<div class=\"elementor-element elementor-element-5a25f5f3 e-con-full e-flex e-con e-child\" data-id=\"5a25f5f3\" data-element_type=\"container\" data-e-type=\"container\" data-settings=\"{&quot;jet_parallax_layout_list&quot;:[]}\">\n\t\t\t\t<div class=\"elementor-element elementor-element-617abc86 elementor-widget elementor-widget-image\" data-id=\"617abc86\" data-element_type=\"widget\" data-e-type=\"widget\" data-widget_type=\"image.default\">\n\t\t\t\t<div class=\"elementor-widget-container\">\n\t\t\t\t\t\t\t\t\t\t\t\t\t\t\t<img loading=\"lazy\" decoding=\"async\" width=\"350\" height=\"350\" src=\"https:\/\/swedishgolfalliance.com\/wp-content\/uploads\/1-3.png\" class=\"attachment-large size-large wp-image-8203\" alt=\"\" srcset=\"https:\/\/swedishgolfalliance.com\/wp-content\/uploads\/1-3.png 350w, https:\/\/swedishgolfalliance.com\/wp-content\/uploads\/1-3-300x300.png 300w, https:\/\/swedishgolfalliance.com\/wp-content\/uploads\/1-3-100x100.png 100w\" sizes=\"(max-width: 350px) 100vw, 350px\" \/>\t\t\t\t\t\t\t\t\t\t\t\t\t\t\t<\/div>\n\t\t\t\t<\/div>\n\t\t\t\t<div class=\"elementor-element elementor-element-12345551 elementor-widget elementor-widget-heading\" data-id=\"12345551\" data-element_type=\"widget\" data-e-type=\"widget\" data-widget_type=\"heading.default\">\n\t\t\t\t<div class=\"elementor-widget-container\">\n\t\t\t\t\t<h5 class=\"elementor-heading-title elementor-size-default\">VIP-medlem hos Los Arqueros Golf &amp; CC<\/h5>\t\t\t\t<\/div>\n\t\t\t\t<\/div>\n\t\t\t\t<div class=\"elementor-element elementor-element-4a52990b elementor-widget elementor-widget-text-editor\" data-id=\"4a52990b\" data-element_type=\"widget\" data-e-type=\"widget\" data-widget_type=\"text-editor.default\">\n\t\t\t\t<div class=\"elementor-widget-container\">\n\t\t\t\t\t\t\t\t\t<p><em>Alliance-medlemmer f\u00e5r et VIP-medlemskab hos Los Arqueros Golf &amp; CC med op til 30 % rabat p\u00e5 den normale greenfee.<\/em><\/p>\t\t\t\t\t\t\t\t<\/div>\n\t\t\t\t<\/div>\n\t\t\t\t<\/div>\n\t\t\t\t\t<\/div>\n\t\t\t\t<\/div>\n\t\t<div class=\"elementor-element elementor-element-f623fda e-flex e-con-boxed e-con e-parent\" data-id=\"f623fda\" data-element_type=\"container\" data-e-type=\"container\" data-settings=\"{&quot;jet_parallax_layout_list&quot;:[]}\">\n\t\t\t\t\t<div class=\"e-con-inner\">\n\t\t<div class=\"elementor-element elementor-element-6f2c38c e-con-full e-flex e-con e-child\" data-id=\"6f2c38c\" data-element_type=\"container\" data-e-type=\"container\" data-settings=\"{&quot;jet_parallax_layout_list&quot;:[]}\">\n\t\t<div class=\"elementor-element elementor-element-db72139 e-con-full e-flex elementor-invisible e-con e-child\" data-id=\"db72139\" data-element_type=\"container\" data-e-type=\"container\" data-settings=\"{&quot;background_background&quot;:&quot;classic&quot;,&quot;jet_parallax_layout_list&quot;:[],&quot;animation&quot;:&quot;fadeInRight&quot;}\">\n\t\t\t\t<div class=\"elementor-element elementor-element-c9eaeae elementor-widget elementor-widget-global elementor-global-8307 elementor-global-7963 elementor-widget-jet-pricing-table\" data-id=\"c9eaeae\" data-element_type=\"widget\" data-e-type=\"widget\" data-widget_type=\"jet-pricing-table.default\">\n\t\t\t\t<div class=\"elementor-widget-container\">\n\t\t\t\t\t<div class=\"elementor-jet-pricing-table jet-elements\"><div class=\"pricing-table \">\n\t<div class=\"pricing-table__heading\">\n\t<div class=\"pricing-table__icon\"><div class=\"pricing-table__icon-box\"><span class=\"jet-elements-icon\"><svg xmlns=\"http:\/\/www.w3.org\/2000\/svg\" width=\"1024pt\" height=\"1024pt\" viewBox=\"0 0 1024 1024\"><g id=\"#ffffffff\"><path fill=\"#ffffff\" opacity=\"1.00\" d=\" M 678.99 183.26 C 703.10 186.68 727.10 180.85 750.76 176.90 C 753.50 179.95 756.24 183.01 758.98 186.07 C 764.36 185.06 769.70 183.88 775.08 182.90 C 774.56 190.11 772.75 197.54 767.75 203.02 C 780.82 249.29 779.80 297.82 786.65 345.10 C 793.91 394.99 795.98 447.07 780.76 495.74 C 779.59 498.80 779.70 502.70 776.83 504.82 C 773.88 506.87 770.31 507.71 766.98 508.92 C 744.86 515.72 724.59 527.17 704.54 538.49 C 687.27 548.42 669.62 557.77 651.13 565.21 C 635.57 571.48 619.55 577.03 605.25 585.97 C 630.23 625.18 640.96 670.94 656.42 714.25 C 763.69 672.32 863.47 608.69 941.64 523.61 C 968.29 494.65 992.16 463.15 1012.89 429.70 C 994.22 471.10 969.43 509.61 940.78 544.79 C 910.55 581.71 875.95 615.01 838.33 644.35 C 795.03 678.28 747.98 707.32 698.69 731.70 C 624.26 768.01 544.66 794.50 462.56 806.30 C 412.69 813.46 361.95 815.09 311.79 810.09 C 268.43 805.88 225.45 795.85 185.38 778.60 C 147.38 762.20 112.00 738.61 84.78 707.21 C 57.95 677.20 40.49 639.33 33.30 599.84 C 28.46 573.55 28.04 546.46 32.05 520.04 C 38.26 473.98 56.25 430.40 78.14 389.73 C 69.57 414.67 61.43 439.88 56.95 465.93 C 51.53 496.03 50.60 527.23 57.02 557.25 C 64.19 595.88 82.64 632.05 108.46 661.53 C 132.96 689.94 164.06 712.34 198.15 727.84 C 239.56 747.39 284.56 758.64 329.97 763.68 C 365.44 767.65 401.27 767.84 436.86 765.40 C 419.98 733.03 397.45 704.16 376.75 674.23 C 370.93 665.51 364.37 657.07 360.96 647.02 C 353.51 626.20 355.27 603.62 357.22 582.02 C 358.31 569.01 364.44 557.02 365.41 544.00 C 366.28 532.12 359.69 520.63 350.24 513.76 C 342.35 507.50 333.16 503.06 325.55 496.42 C 318.95 490.73 315.24 482.66 310.44 475.56 C 299.28 457.93 288.49 438.49 288.68 417.01 C 288.41 406.46 292.27 396.07 299.03 388.01 C 310.53 374.24 327.23 366.47 343.23 359.20 C 357.34 352.53 374.23 352.28 388.58 358.38 C 396.33 361.32 402.71 367.43 411.10 368.73 C 422.57 370.81 433.85 366.53 444.26 362.19 C 451.76 358.89 459.29 355.70 466.86 352.58 C 469.74 351.37 473.08 352.76 474.91 355.13 C 477.66 358.59 478.78 363.72 476.79 367.79 C 460.34 377.08 440.55 382.21 428.40 397.67 C 434.88 410.13 442.57 422.60 454.51 430.53 C 462.75 443.40 463.54 459.27 464.39 474.10 C 464.85 481.22 465.13 488.36 466.02 495.45 C 485.36 492.29 505.06 486.25 520.03 473.05 C 535.04 460.12 550.89 447.96 564.07 433.06 C 575.12 420.33 582.76 405.16 592.29 391.34 C 603.91 373.30 616.56 355.90 630.85 339.87 C 643.41 326.06 649.69 308.20 657.63 291.64 C 660.86 284.31 665.41 277.27 665.89 269.05 C 667.01 254.48 661.77 240.50 658.00 226.66 C 615.28 234.95 572.54 243.21 530.22 253.38 C 400.86 283.80 271.12 312.63 142.01 344.15 C 140.83 344.50 138.96 344.49 138.98 346.20 C 135.35 362.55 136.03 379.68 130.85 395.72 C 128.85 402.19 125.85 409.40 119.12 412.16 C 107.78 416.70 94.03 409.78 89.18 398.96 C 85.82 389.91 85.74 379.55 89.62 370.64 C 95.24 357.22 106.70 347.14 119.20 340.21 C 136.76 331.07 156.10 326.11 175.38 322.11 C 219.44 312.79 263.21 302.22 307.12 292.23 C 421.02 266.21 534.99 240.50 648.94 214.69 C 650.13 205.21 654.29 195.92 661.45 189.45 C 666.14 185.17 672.56 182.43 678.99 183.26 M 686.79 388.65 C 674.27 415.08 658.04 439.65 639.53 462.26 C 656.10 457.78 673.62 458.20 690.01 452.96 C 699.18 450.01 708.01 444.40 712.80 435.83 C 725.80 388.39 730.65 339.27 736.90 290.61 C 737.40 284.24 739.54 277.72 737.54 271.41 C 734.91 262.01 727.48 254.95 719.74 249.49 C 705.86 295.18 703.28 343.68 686.79 388.65 Z\"><\/path><\/g><\/svg><\/span><\/div><\/div>\t<h3 class=\"pricing-table__title\">Alliance-medlemskab<\/h3>\t<\/div>\t<div class=\"pricing-table__price\"><span class=\"pricing-table__price-val\">\u20ac99  <\/span><span class=\"pricing-table__price-suffix\">\/ kalender\u00e5r<\/span><\/div>\t<div class=\"pricing-table__features\">\n<div class=\"pricing-table__fold-mask pricing-table-unfold-state\" ><div class=\"pricing-feature pricing-feature-915b2c4 item-included\">\n\t<div class=\"pricing-feature__inner\"><span class=\"item-bullet jet-elements-icon\"><svg aria-hidden=\"true\" class=\"e-font-icon-svg e-fas-check\" viewBox=\"0 0 512 512\" xmlns=\"http:\/\/www.w3.org\/2000\/svg\"><path d=\"M173.898 439.404l-166.4-166.4c-9.997-9.997-9.997-26.206 0-36.204l36.203-36.204c9.997-9.998 26.207-9.998 36.204 0L192 312.69 432.095 72.596c9.997-9.997 26.207-9.997 36.204 0l36.203 36.204c9.997 9.997 9.997 26.206 0 36.204l-294.4 294.401c-9.998 9.997-26.207 9.997-36.204-.001z\"><\/path><\/svg><\/span><span class=\"pricing-feature__text\">Officielt Golf\u2011ID<\/span><\/div>\n<\/div><div class=\"pricing-feature pricing-feature-f5e3dc5 item-included\">\n\t<div class=\"pricing-feature__inner\"><span class=\"item-bullet jet-elements-icon\"><svg aria-hidden=\"true\" class=\"e-font-icon-svg e-fas-check\" viewBox=\"0 0 512 512\" xmlns=\"http:\/\/www.w3.org\/2000\/svg\"><path d=\"M173.898 439.404l-166.4-166.4c-9.997-9.997-9.997-26.206 0-36.204l36.203-36.204c9.997-9.998 26.207-9.998 36.204 0L192 312.69 432.095 72.596c9.997-9.997 26.207-9.997 36.204 0l36.203 36.204c9.997 9.997 9.997 26.206 0 36.204l-294.4 294.401c-9.998 9.997-26.207 9.997-36.204-.001z\"><\/path><\/svg><\/span><span class=\"pricing-feature__text\">Aktivt WHS-handicap<\/span><\/div>\n<\/div><div class=\"pricing-feature pricing-feature-49137ce item-included\">\n\t<div class=\"pricing-feature__inner\"><span class=\"item-bullet jet-elements-icon\"><svg aria-hidden=\"true\" class=\"e-font-icon-svg e-fas-check\" viewBox=\"0 0 512 512\" xmlns=\"http:\/\/www.w3.org\/2000\/svg\"><path d=\"M173.898 439.404l-166.4-166.4c-9.997-9.997-9.997-26.206 0-36.204l36.203-36.204c9.997-9.998 26.207-9.998 36.204 0L192 312.69 432.095 72.596c9.997-9.997 26.207-9.997 36.204 0l36.203 36.204c9.997 9.997 9.997 26.206 0 36.204l-294.4 294.401c-9.998 9.997-26.207 9.997-36.204-.001z\"><\/path><\/svg><\/span><span class=\"pricing-feature__text\">Digitalt medlemskort  <\/span><\/div>\n<\/div><div class=\"pricing-feature pricing-feature-0a3e5d4 item-included\">\n\t<div class=\"pricing-feature__inner\"><span class=\"item-bullet jet-elements-icon\"><svg aria-hidden=\"true\" class=\"e-font-icon-svg e-fas-check\" viewBox=\"0 0 512 512\" xmlns=\"http:\/\/www.w3.org\/2000\/svg\"><path d=\"M173.898 439.404l-166.4-166.4c-9.997-9.997-9.997-26.206 0-36.204l36.203-36.204c9.997-9.998 26.207-9.998 36.204 0L192 312.69 432.095 72.596c9.997-9.997 26.207-9.997 36.204 0l36.203 36.204c9.997 9.997 9.997 26.206 0 36.204l-294.4 294.401c-9.998 9.997-26.207 9.997-36.204-.001z\"><\/path><\/svg><\/span><span class=\"pricing-feature__text\">Digitalt handicapbevis<\/span><\/div>\n<\/div><div class=\"pricing-feature pricing-feature-c0fbd88 item-included\">\n\t<div class=\"pricing-feature__inner\"><span class=\"item-bullet jet-elements-icon\"><svg aria-hidden=\"true\" class=\"e-font-icon-svg e-fas-check\" viewBox=\"0 0 512 512\" xmlns=\"http:\/\/www.w3.org\/2000\/svg\"><path d=\"M173.898 439.404l-166.4-166.4c-9.997-9.997-9.997-26.206 0-36.204l36.203-36.204c9.997-9.998 26.207-9.998 36.204 0L192 312.69 432.095 72.596c9.997-9.997 26.207-9.997 36.204 0l36.203 36.204c9.997 9.997 9.997 26.206 0 36.204l-294.4 294.401c-9.998 9.997-26.207 9.997-36.204-.001z\"><\/path><\/svg><\/span><span class=\"pricing-feature__text\">Eksklusive partnerfordele<\/span><\/div>\n<\/div><div class=\"pricing-feature pricing-feature-39d23bb item-included\">\n\t<div class=\"pricing-feature__inner\"><span class=\"item-bullet jet-elements-icon\"><svg aria-hidden=\"true\" class=\"e-font-icon-svg e-fas-check\" viewBox=\"0 0 512 512\" xmlns=\"http:\/\/www.w3.org\/2000\/svg\"><path d=\"M173.898 439.404l-166.4-166.4c-9.997-9.997-9.997-26.206 0-36.204l36.203-36.204c9.997-9.998 26.207-9.998 36.204 0L192 312.69 432.095 72.596c9.997-9.997 26.207-9.997 36.204 0l36.203 36.204c9.997 9.997 9.997 26.206 0 36.204l-294.4 294.401c-9.998 9.997-26.207 9.997-36.204-.001z\"><\/path><\/svg><\/span><span class=\"pricing-feature__text\">Medlemssupport  <\/span><\/div>\n<\/div>\t<\/div>\n\t<\/div>\t<div class=\"pricing-table__action\">\n\t\t<a class=\"elementor-button elementor-size-md pricing-table-button button-auto-size\" href=\"https:\/\/swedishgolfalliance.com\/?empty-cart&amp;add-to-cart=57&amp;quantity=1&amp;redirect-to-checkout=yes\">TILMELD DIG<\/a>\n\t<\/div>\t<\/div>\n<\/div>\t\t\t\t<\/div>\n\t\t\t\t<\/div>\n\t\t\t\t<\/div>\n\t\t\t\t<\/div>\n\t\t\t\t\t<\/div>\n\t\t\t\t<\/div>\n\t\t\t\t<\/div>\n\t\t","protected":false},"excerpt":{"rendered":"<p>Alliance-medlemskab Som medlem af Swedish Golf Alliance f\u00e5r du automatisk et medlemskab i Ekholmsn\u00e4s Golf Club, vores partnerklub tilknyttet Svenska Golff\u00f6rbundet, samt et VIP-medlemskab i vores partnerklub Los Arqueros Golf &amp; Country Club. Dit medlemskab giver dig et personligt Golf-ID, officiel WHS-handicapregistrering (HCP), et digitalt medlemskort og adgang til en personlig onlineprofil registreret hos Svenska [&hellip;]<\/p>\n","protected":false},"author":1,"featured_media":0,"parent":0,"menu_order":0,"comment_status":"closed","ping_status":"closed","template":"","meta":{"footnotes":""},"class_list":["post-8198","page","type-page","status-publish","hentry"],"_links":{"self":[{"href":"https:\/\/swedishgolfalliance.com\/da\/wp-json\/wp\/v2\/pages\/8198","targetHints":{"allow":["GET"]}}],"collection":[{"href":"https:\/\/swedishgolfalliance.com\/da\/wp-json\/wp\/v2\/pages"}],"about":[{"href":"https:\/\/swedishgolfalliance.com\/da\/wp-json\/wp\/v2\/types\/page"}],"author":[{"embeddable":true,"href":"https:\/\/swedishgolfalliance.com\/da\/wp-json\/wp\/v2\/users\/1"}],"replies":[{"embeddable":true,"href":"https:\/\/swedishgolfalliance.com\/da\/wp-json\/wp\/v2\/comments?post=8198"}],"version-history":[{"count":1,"href":"https:\/\/swedishgolfalliance.com\/da\/wp-json\/wp\/v2\/pages\/8198\/revisions"}],"predecessor-version":[{"id":8204,"href":"https:\/\/swedishgolfalliance.com\/da\/wp-json\/wp\/v2\/pages\/8198\/revisions\/8204"}],"wp:attachment":[{"href":"https:\/\/swedishgolfalliance.com\/da\/wp-json\/wp\/v2\/media?parent=8198"}],"curies":[{"name":"wp","href":"https:\/\/api.w.org\/{rel}","templated":true}]}}