{"id":8235,"date":"2026-03-12T01:09:16","date_gmt":"2026-03-12T00:09:16","guid":{"rendered":"https:\/\/swedishgolfalliance.com\/politik-for-refundering-og-returnering\/"},"modified":"2026-03-12T01:33:41","modified_gmt":"2026-03-12T00:33:41","slug":"politik-for-refundering-og-returnering","status":"publish","type":"page","link":"https:\/\/swedishgolfalliance.com\/da\/politik-for-refundering-og-returnering\/","title":{"rendered":"Politik for refundering og returnering"},"content":{"rendered":"\n<p><b>Dette er en eksempelside.<\/b><\/p>\n\n<h2 class=\"wp-block-heading\">Oversigt<\/h2>\n\n<p>Vores politik for refundering og returnering g\u00e6lder i 30 dage. Hvis der er g\u00e5et 30 dage siden dit k\u00f8b, kan vi ikke tilbyde fuld refundering eller ombytning. <\/p>\n\n<p>For at v\u00e6re berettiget til returnering skal din vare v\u00e6re ubrugt og i samme stand, som da du modtog den. Den skal ogs\u00e5 v\u00e6re i den originale emballage. <\/p>\n\n<p>Visse typer varer er undtaget fra returnering. Letford\u00e6rvelige varer som mad, blomster, aviser eller magasiner kan ikke returneres. Vi accepterer heller ikke produkter, der er intime eller hygiejneartikler, farlige materialer eller brandfarlige v\u00e6sker eller gasser.  <\/p>\n\n<p>Yderligere varer, der ikke kan returneres:<\/p>\n\n<ul class=\"wp-block-list\">\n<li>Gavekort<\/li>\n<li>Softwareprodukter til download<\/li>\n<li>Visse sundheds- og plejeprodukter<\/li>\n<\/ul>\n\n<p>For at gennemf\u00f8re din returnering kr\u00e6ver vi en kvittering eller dokumentation for k\u00f8bet.<\/p>\n\n<p>Send venligst ikke dit k\u00f8b tilbage til producenten.<\/p>\n\n<p>Der er visse situationer, hvor der kun gives delvis refundering:<\/p>\n\n<ul class=\"wp-block-list\">\n<li>Bog med tydelige tegn p\u00e5 brug<\/li>\n<li>CD, DVD, VHS-b\u00e5nd, software, videospil, kassetteb\u00e5nd eller vinylplade, der er blevet \u00e5bnet.<\/li>\n<li>Enhver vare, der ikke er i sin oprindelige stand, er beskadiget eller mangler dele af \u00e5rsager, der ikke skyldes vores fejl.<\/li>\n<li>Enhver vare, der returneres mere end 30 dage efter levering<\/li>\n<\/ul>\n\n<h2 class=\"wp-block-heading\">Refunderinger<\/h2>\n\n<p>N\u00e5r din returnering er modtaget og inspiceret, sender vi dig en e-mail for at bekr\u00e6fte, at vi har modtaget din returnerede vare. Vi giver dig ogs\u00e5 besked om godkendelse eller afvisning af din refundering. <\/p>\n\n<p>Hvis den godkendes, bliver din refundering behandlet, og bel\u00f8bet bliver automatisk tilbagef\u00f8rt til dit kreditkort eller din oprindelige betalingsmetode inden for et vist antal dage.<\/p>\n\n<h3 class=\"wp-block-heading\">Forsinkede eller manglende refunderinger<\/h3>\n\n<p>Hvis du endnu ikke har modtaget din refundering, s\u00e5 tjek f\u00f8rst din bankkonto igen.<\/p>\n\n<p>Kontakt derefter dit kreditkortselskab \u2013 det kan tage noget tid, f\u00f8r din refundering bliver registreret officielt.<\/p>\n\n<p>Kontakt derefter din bank. Der er ofte en behandlingstid, f\u00f8r en refundering bliver registreret. <\/p>\n\n<p>Hvis du har gjort alt dette og stadig ikke har modtaget din refundering, s\u00e5 kontakt os p\u00e5 {email address}.<\/p>\n\n<h3 class=\"wp-block-heading\">Tilbudsvarer<\/h3>\n\n<p>Kun varer til normalpris kan refunderes. Tilbudsvarer kan ikke refunderes. <\/p>\n\n<h2 class=\"wp-block-heading\">Ombytninger<\/h2>\n\n<p>Vi erstatter kun varer, hvis de er defekte eller beskadigede. Hvis du har brug for at ombytte til den samme vare, s\u00e5 send os en e-mail p\u00e5 {email address} og send din vare til: {physical address}. <\/p>\n\n<h2 class=\"wp-block-heading\">Gaver<\/h2>\n\n<p>Hvis varen var markeret som en gave ved k\u00f8b og blev sendt direkte til dig, modtager du et gavebel\u00f8b svarende til v\u00e6rdien af din returnering. N\u00e5r den returnerede vare er modtaget, sender vi et gavekort til dig med posten. <\/p>\n\n<p>Hvis varen ikke var markeret som en gave ved k\u00f8b, eller hvis gavegiveren fik ordren sendt til sig selv for at give den til dig senere, sender vi en refundering til gavegiveren, og vedkommende vil f\u00e5 besked om din returnering.<\/p>\n\n<h2 class=\"wp-block-heading\">Returnering af forsendelser<\/h2>\n\n<p>For at returnere dit produkt skal du sende det til: {physical address}.<\/p>\n\n<p>Du er selv ansvarlig for at betale for fragtomkostningerne ved returnering af din vare. Fragtomkostninger refunderes ikke. Hvis du modtager en refundering, bliver omkostningen til returfragt fratrukket din refundering.  <\/p>\n\n<p>Afh\u00e6ngigt af hvor du bor, kan leveringstiden for din ombyttede vare variere.<\/p>\n\n<p>Hvis du returnerer dyrere varer, kan du overveje at bruge en forsendelsesmetode med tracking eller k\u00f8be fragtforsikring. Vi garanterer ikke, at vi modtager din returnerede vare. <\/p>\n\n<h2 class=\"wp-block-heading\">Brug for hj\u00e6lp?<\/h2>\n\n<p>Kontakt os p\u00e5 {email} ved sp\u00f8rgsm\u00e5l om refundering og returnering.<\/p>\n","protected":false},"excerpt":{"rendered":"<p>Dette er en eksempelside. Oversigt Vores politik for refundering og returnering g\u00e6lder i 30 dage. Hvis der er g\u00e5et 30 dage siden dit k\u00f8b, kan vi ikke tilbyde fuld refundering eller ombytning. For at v\u00e6re berettiget til returnering skal din vare v\u00e6re ubrugt og i samme stand, som da du modtog den. Den skal ogs\u00e5 [&hellip;]<\/p>\n","protected":false},"author":1,"featured_media":0,"parent":0,"menu_order":0,"comment_status":"closed","ping_status":"closed","template":"","meta":{"footnotes":""},"class_list":["post-8235","page","type-page","status-publish","hentry"],"_links":{"self":[{"href":"https:\/\/swedishgolfalliance.com\/da\/wp-json\/wp\/v2\/pages\/8235","targetHints":{"allow":["GET"]}}],"collection":[{"href":"https:\/\/swedishgolfalliance.com\/da\/wp-json\/wp\/v2\/pages"}],"about":[{"href":"https:\/\/swedishgolfalliance.com\/da\/wp-json\/wp\/v2\/types\/page"}],"author":[{"embeddable":true,"href":"https:\/\/swedishgolfalliance.com\/da\/wp-json\/wp\/v2\/users\/1"}],"replies":[{"embeddable":true,"href":"https:\/\/swedishgolfalliance.com\/da\/wp-json\/wp\/v2\/comments?post=8235"}],"version-history":[{"count":1,"href":"https:\/\/swedishgolfalliance.com\/da\/wp-json\/wp\/v2\/pages\/8235\/revisions"}],"predecessor-version":[{"id":8236,"href":"https:\/\/swedishgolfalliance.com\/da\/wp-json\/wp\/v2\/pages\/8235\/revisions\/8236"}],"wp:attachment":[{"href":"https:\/\/swedishgolfalliance.com\/da\/wp-json\/wp\/v2\/media?parent=8235"}],"curies":[{"name":"wp","href":"https:\/\/api.w.org\/{rel}","templated":true}]}}