{"id":8181,"date":"2023-09-18T23:31:54","date_gmt":"2023-09-18T21:31:54","guid":{"rendered":"https:\/\/swedishgolfalliance.com\/allgemeine-geschaeftsbedingungen\/"},"modified":"2026-03-12T01:32:29","modified_gmt":"2026-03-12T00:32:29","slug":"allgemeine-geschaeftsbedingungen","status":"publish","type":"page","link":"https:\/\/swedishgolfalliance.com\/de\/allgemeine-geschaeftsbedingungen\/","title":{"rendered":"Allgemeine Gesch\u00e4ftsbedingungen"},"content":{"rendered":"\t\t<div data-elementor-type=\"wp-page\" data-elementor-id=\"8181\" class=\"elementor elementor-8181 elementor-83\" data-elementor-post-type=\"page\">\n\t\t\t\t<div class=\"elementor-element elementor-element-7e4a3ba e-flex e-con-boxed e-con e-parent\" data-id=\"7e4a3ba\" data-element_type=\"container\" data-e-type=\"container\" data-settings=\"{&quot;jet_parallax_layout_list&quot;:[]}\">\n\t\t\t\t\t<div class=\"e-con-inner\">\n\t\t\t\t<div class=\"elementor-element elementor-element-cfbff9f elementor-widget elementor-widget-heading\" data-id=\"cfbff9f\" data-element_type=\"widget\" data-e-type=\"widget\" data-widget_type=\"heading.default\">\n\t\t\t\t<div class=\"elementor-widget-container\">\n\t\t\t\t\t<h1 class=\"elementor-heading-title elementor-size-default\">Allgemeine Gesch\u00e4ftsbedingungen<\/h1>\t\t\t\t<\/div>\n\t\t\t\t<\/div>\n\t\t\t\t<div class=\"elementor-element elementor-element-5fa1081 elementor-widget elementor-widget-text-editor\" data-id=\"5fa1081\" data-element_type=\"widget\" data-e-type=\"widget\" data-widget_type=\"text-editor.default\">\n\t\t\t\t<div class=\"elementor-widget-container\">\n\t\t\t\t\t\t\t\t\t<p data-start=\"257\" data-end=\"638\">Zuletzt aktualisiert: 21.12.2025<\/p><p data-start=\"257\" data-end=\"638\">Ekholmsn\u00e4s Golf Liding\u00f6 AB (Org.-Nr. 556266-8003) betreibt und besitzt die Plattform swedishgolfalliance.com. Durch Klicken auf die Schaltfl\u00e4che \u201eKaufen\u201c stimmst du diesen Bedingungen zu und best\u00e4tigst, dass Ekholmsn\u00e4s Golf Liding\u00f6 AB deine Bestellung erh\u00e4lt. Ekholmsn\u00e4s Golf Liding\u00f6 AB beh\u00e4lt sich das Recht vor, diese Allgemeinen Gesch\u00e4ftsbedingungen jederzeit zu aktualisieren und zu \u00e4ndern.  <\/p><h5 data-start=\"645\" data-end=\"662\">ZAHLUNGSBEDINGUNGEN<\/h5><p data-start=\"665\" data-end=\"775\">Mitgliedschaften verl\u00e4ngern sich automatisch am 1. Januar eines jeden Jahres, sofern sie nicht vor Beginn des neuen Jahres gek\u00fcndigt werden.<\/p><p data-start=\"778\" data-end=\"869\">Die Zahlung f\u00fcr die Mitgliedschaft des n\u00e4chsten Jahres wird am 31. Dezember des laufenden Jahres abgebucht.<\/p><p data-start=\"872\" data-end=\"991\">Die K\u00fcndigung muss sp\u00e4testens bis zum 30. Dezember \u00fcber dein Konto im Bereich \u201eMeine Seiten\u201c im eingeloggten Zustand erfolgen.<\/p><h5 data-start=\"998\" data-end=\"1027\">KAUF UND BEST\u00c4TIGUNG<\/h5><p data-start=\"1030\" data-end=\"1112\">Sobald deine Mitgliedschaft registriert wurde, wird eine Best\u00e4tigung per E-Mail versandt. Die Mitgliedschaft ist g\u00fcltig, wenn deine Golf-ID aktiviert wurde. Du kannst deine aktive Mitgliedschaft \u00fcberpr\u00fcfen, indem du dich bei Min Golf \u00fcber <a class=\"decorated-link\" href=\"https:\/\/mingolf.golf.se\/login\" rel=\"noopener\" data-start=\"1257\" data-end=\"1287\">Golf.se<\/a> einloggst.  <\/p><h5 data-start=\"1297\" data-end=\"1315\">PREISE UND MWST.<\/h5><p data-start=\"1318\" data-end=\"1416\">Alle Preise sind in Euro angegeben und enthalten die gesetzliche Mehrwertsteuer (MwSt.) in der jeweils geltenden H\u00f6he.<\/p><h5 data-start=\"1423\" data-end=\"1449\">BEREITSTELLUNG DER MITGLIEDSCHAFT<\/h5><p data-start=\"1452\" data-end=\"1531\">Erworbenen Mitgliedschaften werden innerhalb von 24 Stunden nach Abschluss der Zahlung aktiviert. Die Bereitstellung erfolgt durch die Aktivierung deines Profils im GIT (Golf-IT-System). <\/p><h5 data-start=\"1626\" data-end=\"1640\">REKLAMATIONEN<\/h5><p data-start=\"1643\" data-end=\"1752\">Jegliche Reklamationen bez\u00fcglich einer neu registrierten Mitgliedschaft m\u00fcssen per E-Mail an <a href=\"mailto:info@swedishgolfalliance.com\">info@swedishgolfalliance.com<\/a> gesendet werden.<\/p><p data-start=\"1755\" data-end=\"1829\">Reklamationen m\u00fcssen innerhalb von 14 Tagen nach Erhalt deiner Bestellung eingereicht werden. Wenn die Reklamation genehmigt wird, \u00fcbernimmt Ekholmsn\u00e4s Golf Liding\u00f6 AB die R\u00fccksendekosten.<\/p><h5 data-start=\"1929\" data-end=\"1969\">FESTLEGUNG UND ANPASSUNG VON GEB\u00dcHREN<\/h5><p data-start=\"1972\" data-end=\"2058\">Die Geb\u00fchren werden von Ekholmsn\u00e4s Golf Liding\u00f6 AB festgelegt, die sich das Recht vorbeh\u00e4lt, diese anzupassen.<\/p><p data-start=\"2061\" data-end=\"2154\">Etwaige Preis\u00e4nderungen werden mindestens 30 Tage vor dem n\u00e4chsten Abrechnungszeitraum mitgeteilt.<\/p><p data-start=\"2157\" data-end=\"2307\">Benachrichtigungen \u00fcber Preis\u00e4nderungen werden \u00fcber den Server des schwedischen Golfverbandes an die in deinem Min Golf-Konto registrierte E-Mail-Adresse gesendet.<\/p>\t\t\t\t\t\t\t\t<\/div>\n\t\t\t\t<\/div>\n\t\t\t\t\t<\/div>\n\t\t\t\t<\/div>\n\t\t\t\t<\/div>\n\t\t","protected":false},"excerpt":{"rendered":"<p>Allgemeine Gesch\u00e4ftsbedingungen Zuletzt aktualisiert: 21.12.2025 Ekholmsn\u00e4s Golf Liding\u00f6 AB (Org.-Nr. 556266-8003) betreibt und besitzt die Plattform swedishgolfalliance.com. Durch Klicken auf die Schaltfl\u00e4che \u201eKaufen\u201c stimmst du diesen Bedingungen zu und best\u00e4tigst, dass Ekholmsn\u00e4s Golf Liding\u00f6 AB deine Bestellung erh\u00e4lt. Ekholmsn\u00e4s Golf Liding\u00f6 AB beh\u00e4lt sich das Recht vor, diese Allgemeinen Gesch\u00e4ftsbedingungen jederzeit zu aktualisieren und zu [&hellip;]<\/p>\n","protected":false},"author":1,"featured_media":0,"parent":0,"menu_order":0,"comment_status":"closed","ping_status":"closed","template":"","meta":{"footnotes":""},"class_list":["post-8181","page","type-page","status-publish","hentry"],"_links":{"self":[{"href":"https:\/\/swedishgolfalliance.com\/de\/wp-json\/wp\/v2\/pages\/8181","targetHints":{"allow":["GET"]}}],"collection":[{"href":"https:\/\/swedishgolfalliance.com\/de\/wp-json\/wp\/v2\/pages"}],"about":[{"href":"https:\/\/swedishgolfalliance.com\/de\/wp-json\/wp\/v2\/types\/page"}],"author":[{"embeddable":true,"href":"https:\/\/swedishgolfalliance.com\/de\/wp-json\/wp\/v2\/users\/1"}],"replies":[{"embeddable":true,"href":"https:\/\/swedishgolfalliance.com\/de\/wp-json\/wp\/v2\/comments?post=8181"}],"version-history":[{"count":3,"href":"https:\/\/swedishgolfalliance.com\/de\/wp-json\/wp\/v2\/pages\/8181\/revisions"}],"predecessor-version":[{"id":8185,"href":"https:\/\/swedishgolfalliance.com\/de\/wp-json\/wp\/v2\/pages\/8181\/revisions\/8185"}],"wp:attachment":[{"href":"https:\/\/swedishgolfalliance.com\/de\/wp-json\/wp\/v2\/media?parent=8181"}],"curies":[{"name":"wp","href":"https:\/\/api.w.org\/{rel}","templated":true}]}}