{"id":8226,"date":"2025-12-16T00:07:38","date_gmt":"2025-12-15T23:07:38","guid":{"rendered":"https:\/\/swedishgolfalliance.com\/start\/"},"modified":"2026-03-12T01:33:21","modified_gmt":"2026-03-12T00:33:21","slug":"start","status":"publish","type":"page","link":"https:\/\/swedishgolfalliance.com\/de\/","title":{"rendered":"Start"},"content":{"rendered":"\t\t<div data-elementor-type=\"wp-page\" data-elementor-id=\"8226\" class=\"elementor elementor-8226 elementor-7444\" data-elementor-post-type=\"page\">\n\t\t\t\t<div class=\"elementor-element elementor-element-5162186 e-con-full e-flex elementor-invisible e-con e-parent\" data-id=\"5162186\" data-element_type=\"container\" data-e-type=\"container\" data-settings=\"{&quot;background_background&quot;:&quot;classic&quot;,&quot;animation&quot;:&quot;fadeIn&quot;,&quot;jet_parallax_layout_list&quot;:[]}\">\n\t\t<div class=\"elementor-element elementor-element-709cb43 e-con-full e-flex e-con e-child\" data-id=\"709cb43\" data-element_type=\"container\" data-e-type=\"container\" data-settings=\"{&quot;jet_parallax_layout_list&quot;:[]}\">\n\t\t\t\t<div class=\"elementor-element elementor-element-a60cf4d elementor-widget elementor-widget-heading\" data-id=\"a60cf4d\" data-element_type=\"widget\" data-e-type=\"widget\" data-widget_type=\"heading.default\">\n\t\t\t\t<div class=\"elementor-widget-container\">\n\t\t\t\t\t<h1 class=\"elementor-heading-title elementor-size-default\">Spiele weltweit Golf\n<br>mit einer anerkannten Mitgliedschaft<\/h1>\t\t\t\t<\/div>\n\t\t\t\t<\/div>\n\t\t\t\t<div class=\"elementor-element elementor-element-080363f elementor-align-center elementor-widget elementor-widget-button\" data-id=\"080363f\" data-element_type=\"widget\" data-e-type=\"widget\" data-widget_type=\"button.default\">\n\t\t\t\t<div class=\"elementor-widget-container\">\n\t\t\t\t\t\t\t\t\t<div class=\"elementor-button-wrapper\">\n\t\t\t\t\t<a class=\"elementor-button elementor-button-link elementor-size-sm\" href=\"https:\/\/swedishgolfalliance.com\/?empty-cart&#038;add-to-cart=57&#038;quantity=1&#038;redirect-to-checkout=yes\">\n\t\t\t\t\t\t<span class=\"elementor-button-content-wrapper\">\n\t\t\t\t\t\t\t\t\t<span class=\"elementor-button-text\">ANMELDEN 99 \u20ac \/ JAHR<\/span>\n\t\t\t\t\t<\/span>\n\t\t\t\t\t<\/a>\n\t\t\t\t<\/div>\n\t\t\t\t\t\t\t\t<\/div>\n\t\t\t\t<\/div>\n\t\t\t\t<div class=\"elementor-element elementor-element-32a67e9 elementor-widget elementor-widget-heading\" data-id=\"32a67e9\" data-element_type=\"widget\" data-e-type=\"widget\" data-widget_type=\"heading.default\">\n\t\t\t\t<div class=\"elementor-widget-container\">\n\t\t\t\t\t<p class=\"elementor-heading-title elementor-size-default\">oder scrolle nach unten, um mehr zu lesen....<\/p>\t\t\t\t<\/div>\n\t\t\t\t<\/div>\n\t\t\t\t<\/div>\n\t\t\t\t<\/div>\n\t\t<div class=\"elementor-element elementor-element-f195bca e-flex e-con-boxed e-con e-parent\" data-id=\"f195bca\" data-element_type=\"container\" data-e-type=\"container\" data-settings=\"{&quot;background_background&quot;:&quot;classic&quot;,&quot;jet_parallax_layout_list&quot;:[],&quot;shape_divider_top&quot;:&quot;curve&quot;}\">\n\t\t\t\t\t<div class=\"e-con-inner\">\n\t\t\t\t<div class=\"elementor-shape elementor-shape-top\" aria-hidden=\"true\" data-negative=\"false\">\n\t\t\t<svg xmlns=\"http:\/\/www.w3.org\/2000\/svg\" viewBox=\"0 0 1000 100\" preserveAspectRatio=\"none\">\n    <path class=\"elementor-shape-fill\" d=\"M1000,4.3V0H0v4.3C0.9,23.1,126.7,99.2,500,100S1000,22.7,1000,4.3z\"\/>\n<\/svg>\t\t<\/div>\n\t\t<div class=\"elementor-element elementor-element-68af2db e-con-full e-flex e-con e-child\" data-id=\"68af2db\" data-element_type=\"container\" data-e-type=\"container\" data-settings=\"{&quot;jet_parallax_layout_list&quot;:[]}\">\n\t\t<div class=\"elementor-element elementor-element-434cf62 e-con-full e-flex e-con e-child\" data-id=\"434cf62\" data-element_type=\"container\" data-e-type=\"container\" data-settings=\"{&quot;jet_parallax_layout_list&quot;:[]}\">\n\t\t\t\t<div class=\"elementor-element elementor-element-9159952 elementor-widget elementor-widget-heading\" data-id=\"9159952\" data-element_type=\"widget\" data-e-type=\"widget\" data-widget_type=\"heading.default\">\n\t\t\t\t<div class=\"elementor-widget-container\">\n\t\t\t\t\t<h2 class=\"elementor-heading-title elementor-size-default\">Willkommen bei Swedish Golf Alliance<\/h2>\t\t\t\t<\/div>\n\t\t\t\t<\/div>\n\t\t\t\t<div class=\"elementor-element elementor-element-0eeda12 elementor-widget elementor-widget-text-editor\" data-id=\"0eeda12\" data-element_type=\"widget\" data-e-type=\"widget\" data-widget_type=\"text-editor.default\">\n\t\t\t\t<div class=\"elementor-widget-container\">\n\t\t\t\t\t\t\t\t\t<p>Swedish Golf Alliance bietet eine moderne und flexible Golfmitgliedschaft f\u00fcr Golfer, die Wert auf Freiheit, Einfachheit und internationalen Zugang legen.<\/p><p>Als Mitglied erh\u00e4ltst du eine anerkannte Golf\u2011ID, ein offizielles WHS-Handicap und eine digitale Mitgliedschafts-\/HCP-Karte, die dir Zugang zu Golfpl\u00e4tzen in Schweden und international erm\u00f6glicht.<\/p><p>Egal, ob du nur gelegentlich spielst oder h\u00e4ufig reist: Swedish Golf Alliance gibt dir alles, was du brauchst, um Golf ohne unn\u00f6tige Einschr\u00e4nkungen zu genie\u00dfen.<\/p>\t\t\t\t\t\t\t\t<\/div>\n\t\t\t\t<\/div>\n\t\t\t\t<div class=\"elementor-element elementor-element-3814acb elementor-widget elementor-widget-button\" data-id=\"3814acb\" data-element_type=\"widget\" data-e-type=\"widget\" data-widget_type=\"button.default\">\n\t\t\t\t<div class=\"elementor-widget-container\">\n\t\t\t\t\t\t\t\t\t<div class=\"elementor-button-wrapper\">\n\t\t\t\t\t<a class=\"elementor-button elementor-button-link elementor-size-sm\" href=\"https:\/\/swedishgolfalliance.com\/de\/mitgliedschaft\/\">\n\t\t\t\t\t\t<span class=\"elementor-button-content-wrapper\">\n\t\t\t\t\t\t\t\t\t<span class=\"elementor-button-text\">VORTEILE DER MITGLIEDSCHAFT<\/span>\n\t\t\t\t\t<\/span>\n\t\t\t\t\t<\/a>\n\t\t\t\t<\/div>\n\t\t\t\t\t\t\t\t<\/div>\n\t\t\t\t<\/div>\n\t\t\t\t<\/div>\n\t\t<div class=\"elementor-element elementor-element-8f1defb e-con-full e-flex e-con e-child\" data-id=\"8f1defb\" data-element_type=\"container\" data-e-type=\"container\" data-settings=\"{&quot;jet_parallax_layout_list&quot;:[]}\">\n\t\t<div class=\"elementor-element elementor-element-eb17838 e-con-full e-flex elementor-invisible e-con e-child\" data-id=\"eb17838\" data-element_type=\"container\" data-e-type=\"container\" data-settings=\"{&quot;background_background&quot;:&quot;classic&quot;,&quot;jet_parallax_layout_list&quot;:[],&quot;animation&quot;:&quot;fadeInRight&quot;}\">\n\t\t\t\t<div class=\"elementor-element elementor-element-725e056 elementor-widget elementor-widget-global elementor-global-8311 elementor-global-7963 elementor-widget-jet-pricing-table\" data-id=\"725e056\" data-element_type=\"widget\" data-e-type=\"widget\" data-widget_type=\"jet-pricing-table.default\">\n\t\t\t\t<div class=\"elementor-widget-container\">\n\t\t\t\t\t<div class=\"elementor-jet-pricing-table jet-elements\"><div class=\"pricing-table \">\n\t<div class=\"pricing-table__heading\">\n\t<div class=\"pricing-table__icon\"><div class=\"pricing-table__icon-box\"><span class=\"jet-elements-icon\"><svg xmlns=\"http:\/\/www.w3.org\/2000\/svg\" width=\"1024pt\" height=\"1024pt\" viewBox=\"0 0 1024 1024\"><g id=\"#ffffffff\"><path fill=\"#ffffff\" opacity=\"1.00\" d=\" M 678.99 183.26 C 703.10 186.68 727.10 180.85 750.76 176.90 C 753.50 179.95 756.24 183.01 758.98 186.07 C 764.36 185.06 769.70 183.88 775.08 182.90 C 774.56 190.11 772.75 197.54 767.75 203.02 C 780.82 249.29 779.80 297.82 786.65 345.10 C 793.91 394.99 795.98 447.07 780.76 495.74 C 779.59 498.80 779.70 502.70 776.83 504.82 C 773.88 506.87 770.31 507.71 766.98 508.92 C 744.86 515.72 724.59 527.17 704.54 538.49 C 687.27 548.42 669.62 557.77 651.13 565.21 C 635.57 571.48 619.55 577.03 605.25 585.97 C 630.23 625.18 640.96 670.94 656.42 714.25 C 763.69 672.32 863.47 608.69 941.64 523.61 C 968.29 494.65 992.16 463.15 1012.89 429.70 C 994.22 471.10 969.43 509.61 940.78 544.79 C 910.55 581.71 875.95 615.01 838.33 644.35 C 795.03 678.28 747.98 707.32 698.69 731.70 C 624.26 768.01 544.66 794.50 462.56 806.30 C 412.69 813.46 361.95 815.09 311.79 810.09 C 268.43 805.88 225.45 795.85 185.38 778.60 C 147.38 762.20 112.00 738.61 84.78 707.21 C 57.95 677.20 40.49 639.33 33.30 599.84 C 28.46 573.55 28.04 546.46 32.05 520.04 C 38.26 473.98 56.25 430.40 78.14 389.73 C 69.57 414.67 61.43 439.88 56.95 465.93 C 51.53 496.03 50.60 527.23 57.02 557.25 C 64.19 595.88 82.64 632.05 108.46 661.53 C 132.96 689.94 164.06 712.34 198.15 727.84 C 239.56 747.39 284.56 758.64 329.97 763.68 C 365.44 767.65 401.27 767.84 436.86 765.40 C 419.98 733.03 397.45 704.16 376.75 674.23 C 370.93 665.51 364.37 657.07 360.96 647.02 C 353.51 626.20 355.27 603.62 357.22 582.02 C 358.31 569.01 364.44 557.02 365.41 544.00 C 366.28 532.12 359.69 520.63 350.24 513.76 C 342.35 507.50 333.16 503.06 325.55 496.42 C 318.95 490.73 315.24 482.66 310.44 475.56 C 299.28 457.93 288.49 438.49 288.68 417.01 C 288.41 406.46 292.27 396.07 299.03 388.01 C 310.53 374.24 327.23 366.47 343.23 359.20 C 357.34 352.53 374.23 352.28 388.58 358.38 C 396.33 361.32 402.71 367.43 411.10 368.73 C 422.57 370.81 433.85 366.53 444.26 362.19 C 451.76 358.89 459.29 355.70 466.86 352.58 C 469.74 351.37 473.08 352.76 474.91 355.13 C 477.66 358.59 478.78 363.72 476.79 367.79 C 460.34 377.08 440.55 382.21 428.40 397.67 C 434.88 410.13 442.57 422.60 454.51 430.53 C 462.75 443.40 463.54 459.27 464.39 474.10 C 464.85 481.22 465.13 488.36 466.02 495.45 C 485.36 492.29 505.06 486.25 520.03 473.05 C 535.04 460.12 550.89 447.96 564.07 433.06 C 575.12 420.33 582.76 405.16 592.29 391.34 C 603.91 373.30 616.56 355.90 630.85 339.87 C 643.41 326.06 649.69 308.20 657.63 291.64 C 660.86 284.31 665.41 277.27 665.89 269.05 C 667.01 254.48 661.77 240.50 658.00 226.66 C 615.28 234.95 572.54 243.21 530.22 253.38 C 400.86 283.80 271.12 312.63 142.01 344.15 C 140.83 344.50 138.96 344.49 138.98 346.20 C 135.35 362.55 136.03 379.68 130.85 395.72 C 128.85 402.19 125.85 409.40 119.12 412.16 C 107.78 416.70 94.03 409.78 89.18 398.96 C 85.82 389.91 85.74 379.55 89.62 370.64 C 95.24 357.22 106.70 347.14 119.20 340.21 C 136.76 331.07 156.10 326.11 175.38 322.11 C 219.44 312.79 263.21 302.22 307.12 292.23 C 421.02 266.21 534.99 240.50 648.94 214.69 C 650.13 205.21 654.29 195.92 661.45 189.45 C 666.14 185.17 672.56 182.43 678.99 183.26 M 686.79 388.65 C 674.27 415.08 658.04 439.65 639.53 462.26 C 656.10 457.78 673.62 458.20 690.01 452.96 C 699.18 450.01 708.01 444.40 712.80 435.83 C 725.80 388.39 730.65 339.27 736.90 290.61 C 737.40 284.24 739.54 277.72 737.54 271.41 C 734.91 262.01 727.48 254.95 719.74 249.49 C 705.86 295.18 703.28 343.68 686.79 388.65 Z\"><\/path><\/g><\/svg><\/span><\/div><\/div>\t<h3 class=\"pricing-table__title\">Alliance-Mitgliedschaft<\/h3>\t<\/div>\t<div class=\"pricing-table__price\"><span class=\"pricing-table__price-val\">99 \u20ac <\/span><span class=\"pricing-table__price-suffix\">\/ Kalenderjahr<\/span><\/div>\t<div class=\"pricing-table__features\">\n<div class=\"pricing-table__fold-mask pricing-table-unfold-state\" ><div class=\"pricing-feature pricing-feature-915b2c4 item-included\">\n\t<div class=\"pricing-feature__inner\"><span class=\"item-bullet jet-elements-icon\"><svg aria-hidden=\"true\" class=\"e-font-icon-svg e-fas-check\" viewBox=\"0 0 512 512\" xmlns=\"http:\/\/www.w3.org\/2000\/svg\"><path d=\"M173.898 439.404l-166.4-166.4c-9.997-9.997-9.997-26.206 0-36.204l36.203-36.204c9.997-9.998 26.207-9.998 36.204 0L192 312.69 432.095 72.596c9.997-9.997 26.207-9.997 36.204 0l36.203 36.204c9.997 9.997 9.997 26.206 0 36.204l-294.4 294.401c-9.998 9.997-26.207 9.997-36.204-.001z\"><\/path><\/svg><\/span><span class=\"pricing-feature__text\">Offizielle Golf-ID<\/span><\/div>\n<\/div><div class=\"pricing-feature pricing-feature-f5e3dc5 item-included\">\n\t<div class=\"pricing-feature__inner\"><span class=\"item-bullet jet-elements-icon\"><svg aria-hidden=\"true\" class=\"e-font-icon-svg e-fas-check\" viewBox=\"0 0 512 512\" xmlns=\"http:\/\/www.w3.org\/2000\/svg\"><path d=\"M173.898 439.404l-166.4-166.4c-9.997-9.997-9.997-26.206 0-36.204l36.203-36.204c9.997-9.998 26.207-9.998 36.204 0L192 312.69 432.095 72.596c9.997-9.997 26.207-9.997 36.204 0l36.203 36.204c9.997 9.997 9.997 26.206 0 36.204l-294.4 294.401c-9.998 9.997-26.207 9.997-36.204-.001z\"><\/path><\/svg><\/span><span class=\"pricing-feature__text\">Aktives WHS-Handicap<\/span><\/div>\n<\/div><div class=\"pricing-feature pricing-feature-49137ce item-included\">\n\t<div class=\"pricing-feature__inner\"><span class=\"item-bullet jet-elements-icon\"><svg aria-hidden=\"true\" class=\"e-font-icon-svg e-fas-check\" viewBox=\"0 0 512 512\" xmlns=\"http:\/\/www.w3.org\/2000\/svg\"><path d=\"M173.898 439.404l-166.4-166.4c-9.997-9.997-9.997-26.206 0-36.204l36.203-36.204c9.997-9.998 26.207-9.998 36.204 0L192 312.69 432.095 72.596c9.997-9.997 26.207-9.997 36.204 0l36.203 36.204c9.997 9.997 9.997 26.206 0 36.204l-294.4 294.401c-9.998 9.997-26.207 9.997-36.204-.001z\"><\/path><\/svg><\/span><span class=\"pricing-feature__text\">Digitale Mitgliedskarte <\/span><\/div>\n<\/div><div class=\"pricing-feature pricing-feature-0a3e5d4 item-included\">\n\t<div class=\"pricing-feature__inner\"><span class=\"item-bullet jet-elements-icon\"><svg aria-hidden=\"true\" class=\"e-font-icon-svg e-fas-check\" viewBox=\"0 0 512 512\" xmlns=\"http:\/\/www.w3.org\/2000\/svg\"><path d=\"M173.898 439.404l-166.4-166.4c-9.997-9.997-9.997-26.206 0-36.204l36.203-36.204c9.997-9.998 26.207-9.998 36.204 0L192 312.69 432.095 72.596c9.997-9.997 26.207-9.997 36.204 0l36.203 36.204c9.997 9.997 9.997 26.206 0 36.204l-294.4 294.401c-9.998 9.997-26.207 9.997-36.204-.001z\"><\/path><\/svg><\/span><span class=\"pricing-feature__text\">Digitales HCP-Zertifikat<\/span><\/div>\n<\/div><div class=\"pricing-feature pricing-feature-c0fbd88 item-included\">\n\t<div class=\"pricing-feature__inner\"><span class=\"item-bullet jet-elements-icon\"><svg aria-hidden=\"true\" class=\"e-font-icon-svg e-fas-check\" viewBox=\"0 0 512 512\" xmlns=\"http:\/\/www.w3.org\/2000\/svg\"><path d=\"M173.898 439.404l-166.4-166.4c-9.997-9.997-9.997-26.206 0-36.204l36.203-36.204c9.997-9.998 26.207-9.998 36.204 0L192 312.69 432.095 72.596c9.997-9.997 26.207-9.997 36.204 0l36.203 36.204c9.997 9.997 9.997 26.206 0 36.204l-294.4 294.401c-9.998 9.997-26.207 9.997-36.204-.001z\"><\/path><\/svg><\/span><span class=\"pricing-feature__text\">Exklusive Partnervorteile<\/span><\/div>\n<\/div><div class=\"pricing-feature pricing-feature-39d23bb item-included\">\n\t<div class=\"pricing-feature__inner\"><span class=\"item-bullet jet-elements-icon\"><svg aria-hidden=\"true\" class=\"e-font-icon-svg e-fas-check\" viewBox=\"0 0 512 512\" xmlns=\"http:\/\/www.w3.org\/2000\/svg\"><path d=\"M173.898 439.404l-166.4-166.4c-9.997-9.997-9.997-26.206 0-36.204l36.203-36.204c9.997-9.998 26.207-9.998 36.204 0L192 312.69 432.095 72.596c9.997-9.997 26.207-9.997 36.204 0l36.203 36.204c9.997 9.997 9.997 26.206 0 36.204l-294.4 294.401c-9.998 9.997-26.207 9.997-36.204-.001z\"><\/path><\/svg><\/span><span class=\"pricing-feature__text\">Mitglieder-Support <\/span><\/div>\n<\/div>\t<\/div>\n\t<\/div>\t<div class=\"pricing-table__action\">\n\t\t<a class=\"elementor-button elementor-size-md pricing-table-button button-auto-size\" href=\"https:\/\/swedishgolfalliance.com\/?empty-cart&amp;add-to-cart=57&amp;quantity=1&amp;redirect-to-checkout=yes\">ANMELDEN<\/a>\n\t<\/div>\t<\/div>\n<\/div>\t\t\t\t<\/div>\n\t\t\t\t<\/div>\n\t\t\t\t<\/div>\n\t\t\t\t<\/div>\n\t\t\t\t<\/div>\n\t\t\t\t\t<\/div>\n\t\t\t\t<\/div>\n\t\t<div class=\"elementor-element elementor-element-55818f8 e-flex e-con-boxed e-con e-parent\" data-id=\"55818f8\" data-element_type=\"container\" data-e-type=\"container\" data-settings=\"{&quot;background_background&quot;:&quot;classic&quot;,&quot;jet_parallax_layout_list&quot;:[]}\">\n\t\t\t\t\t<div class=\"e-con-inner\">\n\t\t<div class=\"elementor-element elementor-element-ba8bcdf e-con-full e-flex e-con e-child\" data-id=\"ba8bcdf\" data-element_type=\"container\" data-e-type=\"container\" data-settings=\"{&quot;background_background&quot;:&quot;classic&quot;,&quot;jet_parallax_layout_list&quot;:[]}\">\n\t\t<div class=\"elementor-element elementor-element-98b8586 e-con-full e-flex e-con e-child\" data-id=\"98b8586\" data-element_type=\"container\" data-e-type=\"container\" data-settings=\"{&quot;jet_parallax_layout_list&quot;:[]}\">\n\t\t\t\t<div class=\"elementor-element elementor-element-e39a810 elementor-view-default elementor-widget elementor-widget-icon\" data-id=\"e39a810\" data-element_type=\"widget\" data-e-type=\"widget\" data-widget_type=\"icon.default\">\n\t\t\t\t<div class=\"elementor-widget-container\">\n\t\t\t\t\t\t\t<div class=\"elementor-icon-wrapper\">\n\t\t\t<div class=\"elementor-icon\">\n\t\t\t<svg aria-hidden=\"true\" class=\"e-font-icon-svg e-fas-globe\" viewBox=\"0 0 496 512\" xmlns=\"http:\/\/www.w3.org\/2000\/svg\"><path d=\"M336.5 160C322 70.7 287.8 8 248 8s-74 62.7-88.5 152h177zM152 256c0 22.2 1.2 43.5 3.3 64h185.3c2.1-20.5 3.3-41.8 3.3-64s-1.2-43.5-3.3-64H155.3c-2.1 20.5-3.3 41.8-3.3 64zm324.7-96c-28.6-67.9-86.5-120.4-158-141.6 24.4 33.8 41.2 84.7 50 141.6h108zM177.2 18.4C105.8 39.6 47.8 92.1 19.3 160h108c8.7-56.9 25.5-107.8 49.9-141.6zM487.4 192H372.7c2.1 21 3.3 42.5 3.3 64s-1.2 43-3.3 64h114.6c5.5-20.5 8.6-41.8 8.6-64s-3.1-43.5-8.5-64zM120 256c0-21.5 1.2-43 3.3-64H8.6C3.2 212.5 0 233.8 0 256s3.2 43.5 8.6 64h114.6c-2-21-3.2-42.5-3.2-64zm39.5 96c14.5 89.3 48.7 152 88.5 152s74-62.7 88.5-152h-177zm159.3 141.6c71.4-21.2 129.4-73.7 158-141.6h-108c-8.8 56.9-25.6 107.8-50 141.6zM19.3 352c28.6 67.9 86.5 120.4 158 141.6-24.4-33.8-41.2-84.7-50-141.6h-108z\"><\/path><\/svg>\t\t\t<\/div>\n\t\t<\/div>\n\t\t\t\t\t\t<\/div>\n\t\t\t\t<\/div>\n\t\t\t\t<div class=\"elementor-element elementor-element-959c58f elementor-widget elementor-widget-heading\" data-id=\"959c58f\" data-element_type=\"widget\" data-e-type=\"widget\" data-widget_type=\"heading.default\">\n\t\t\t\t<div class=\"elementor-widget-container\">\n\t\t\t\t\t<p class=\"elementor-heading-title elementor-size-default\">Eine Mitgliedschaft, mit der du die M\u00f6glichkeit hast, weltweit Golf zu spielen<\/p>\t\t\t\t<\/div>\n\t\t\t\t<\/div>\n\t\t\t\t<\/div>\n\t\t<div class=\"elementor-element elementor-element-4652e53 e-con-full e-flex e-con e-child\" data-id=\"4652e53\" data-element_type=\"container\" data-e-type=\"container\" data-settings=\"{&quot;jet_parallax_layout_list&quot;:[]}\">\n\t\t\t\t<div class=\"elementor-element elementor-element-3606712 elementor-view-default elementor-widget elementor-widget-icon\" data-id=\"3606712\" data-element_type=\"widget\" data-e-type=\"widget\" data-widget_type=\"icon.default\">\n\t\t\t\t<div class=\"elementor-widget-container\">\n\t\t\t\t\t\t\t<div class=\"elementor-icon-wrapper\">\n\t\t\t<div class=\"elementor-icon\">\n\t\t\t<svg aria-hidden=\"true\" class=\"e-font-icon-svg e-fas-clock\" viewBox=\"0 0 512 512\" xmlns=\"http:\/\/www.w3.org\/2000\/svg\"><path d=\"M256,8C119,8,8,119,8,256S119,504,256,504,504,393,504,256,393,8,256,8Zm92.49,313h0l-20,25a16,16,0,0,1-22.49,2.5h0l-67-49.72a40,40,0,0,1-15-31.23V112a16,16,0,0,1,16-16h32a16,16,0,0,1,16,16V256l58,42.5A16,16,0,0,1,348.49,321Z\"><\/path><\/svg>\t\t\t<\/div>\n\t\t<\/div>\n\t\t\t\t\t\t<\/div>\n\t\t\t\t<\/div>\n\t\t\t\t<div class=\"elementor-element elementor-element-a6e824f elementor-widget elementor-widget-heading\" data-id=\"a6e824f\" data-element_type=\"widget\" data-e-type=\"widget\" data-widget_type=\"heading.default\">\n\t\t\t\t<div class=\"elementor-widget-container\">\n\t\t\t\t\t<p class=\"elementor-heading-title elementor-size-default\">Unser Membersupport ist sieben Tage die Woche, das ganze Jahr \u00fcber f\u00fcr dich da<\/p>\t\t\t\t<\/div>\n\t\t\t\t<\/div>\n\t\t\t\t<\/div>\n\t\t<div class=\"elementor-element elementor-element-d809910 e-con-full e-flex e-con e-child\" data-id=\"d809910\" data-element_type=\"container\" data-e-type=\"container\" data-settings=\"{&quot;jet_parallax_layout_list&quot;:[]}\">\n\t\t\t\t<div class=\"elementor-element elementor-element-ba82dc0 elementor-view-default elementor-widget elementor-widget-icon\" data-id=\"ba82dc0\" data-element_type=\"widget\" data-e-type=\"widget\" data-widget_type=\"icon.default\">\n\t\t\t\t<div class=\"elementor-widget-container\">\n\t\t\t\t\t\t\t<div class=\"elementor-icon-wrapper\">\n\t\t\t<div class=\"elementor-icon\">\n\t\t\t<svg aria-hidden=\"true\" class=\"e-font-icon-svg e-far-id-card\" viewBox=\"0 0 576 512\" xmlns=\"http:\/\/www.w3.org\/2000\/svg\"><path d=\"M528 32H48C21.5 32 0 53.5 0 80v352c0 26.5 21.5 48 48 48h480c26.5 0 48-21.5 48-48V80c0-26.5-21.5-48-48-48zm0 400H303.2c.9-4.5.8 3.6.8-22.4 0-31.8-30.1-57.6-67.2-57.6-10.8 0-18.7 8-44.8 8-26.9 0-33.4-8-44.8-8-37.1 0-67.2 25.8-67.2 57.6 0 26-.2 17.9.8 22.4H48V144h480v288zm-168-80h112c4.4 0 8-3.6 8-8v-16c0-4.4-3.6-8-8-8H360c-4.4 0-8 3.6-8 8v16c0 4.4 3.6 8 8 8zm0-64h112c4.4 0 8-3.6 8-8v-16c0-4.4-3.6-8-8-8H360c-4.4 0-8 3.6-8 8v16c0 4.4 3.6 8 8 8zm0-64h112c4.4 0 8-3.6 8-8v-16c0-4.4-3.6-8-8-8H360c-4.4 0-8 3.6-8 8v16c0 4.4 3.6 8 8 8zm-168 96c35.3 0 64-28.7 64-64s-28.7-64-64-64-64 28.7-64 64 28.7 64 64 64z\"><\/path><\/svg>\t\t\t<\/div>\n\t\t<\/div>\n\t\t\t\t\t\t<\/div>\n\t\t\t\t<\/div>\n\t\t\t\t<div class=\"elementor-element elementor-element-59f0816 elementor-widget elementor-widget-heading\" data-id=\"59f0816\" data-element_type=\"widget\" data-e-type=\"widget\" data-widget_type=\"heading.default\">\n\t\t\t\t<div class=\"elementor-widget-container\">\n\t\t\t\t\t<p class=\"elementor-heading-title elementor-size-default\">Digitale Golf-ID und HCP-Zertifikat<\/p>\t\t\t\t<\/div>\n\t\t\t\t<\/div>\n\t\t\t\t<\/div>\n\t\t<div class=\"elementor-element elementor-element-9b14925 e-con-full e-flex e-con e-child\" data-id=\"9b14925\" data-element_type=\"container\" data-e-type=\"container\" data-settings=\"{&quot;jet_parallax_layout_list&quot;:[]}\">\n\t\t\t\t<div class=\"elementor-element elementor-element-4f8ddfb elementor-view-default elementor-widget elementor-widget-icon\" data-id=\"4f8ddfb\" data-element_type=\"widget\" data-e-type=\"widget\" data-widget_type=\"icon.default\">\n\t\t\t\t<div class=\"elementor-widget-container\">\n\t\t\t\t\t\t\t<div class=\"elementor-icon-wrapper\">\n\t\t\t<div class=\"elementor-icon\">\n\t\t\t<svg aria-hidden=\"true\" class=\"e-font-icon-svg e-fas-sun\" viewBox=\"0 0 512 512\" xmlns=\"http:\/\/www.w3.org\/2000\/svg\"><path d=\"M256 160c-52.9 0-96 43.1-96 96s43.1 96 96 96 96-43.1 96-96-43.1-96-96-96zm246.4 80.5l-94.7-47.3 33.5-100.4c4.5-13.6-8.4-26.5-21.9-21.9l-100.4 33.5-47.4-94.8c-6.4-12.8-24.6-12.8-31 0l-47.3 94.7L92.7 70.8c-13.6-4.5-26.5 8.4-21.9 21.9l33.5 100.4-94.7 47.4c-12.8 6.4-12.8 24.6 0 31l94.7 47.3-33.5 100.5c-4.5 13.6 8.4 26.5 21.9 21.9l100.4-33.5 47.3 94.7c6.4 12.8 24.6 12.8 31 0l47.3-94.7 100.4 33.5c13.6 4.5 26.5-8.4 21.9-21.9l-33.5-100.4 94.7-47.3c13-6.5 13-24.7.2-31.1zm-155.9 106c-49.9 49.9-131.1 49.9-181 0-49.9-49.9-49.9-131.1 0-181 49.9-49.9 131.1-49.9 181 0 49.9 49.9 49.9 131.1 0 181z\"><\/path><\/svg>\t\t\t<\/div>\n\t\t<\/div>\n\t\t\t\t\t\t<\/div>\n\t\t\t\t<\/div>\n\t\t\t\t<div class=\"elementor-element elementor-element-59ed578 elementor-widget elementor-widget-heading\" data-id=\"59ed578\" data-element_type=\"widget\" data-e-type=\"widget\" data-widget_type=\"heading.default\">\n\t\t\t\t<div class=\"elementor-widget-container\">\n\t\t\t\t\t<p class=\"elementor-heading-title elementor-size-default\">VIP-Mitglied bei Los Arqueros Golf &amp; CC \u2013 Marbella<\/p>\t\t\t\t<\/div>\n\t\t\t\t<\/div>\n\t\t\t\t<\/div>\n\t\t\t\t<\/div>\n\t\t\t\t\t<\/div>\n\t\t\t\t<\/div>\n\t\t\t\t<\/div>\n\t\t","protected":false},"excerpt":{"rendered":"<p>Spiele weltweit Golf mit einer anerkannten Mitgliedschaft ANMELDEN 99 \u20ac \/ JAHR oder scrolle nach unten, um mehr zu lesen&#8230;. Willkommen bei Swedish Golf Alliance Swedish Golf Alliance bietet eine moderne und flexible Golfmitgliedschaft f\u00fcr Golfer, die Wert auf Freiheit, Einfachheit und internationalen Zugang legen. Als Mitglied erh\u00e4ltst du eine anerkannte Golf\u2011ID, ein offizielles WHS-Handicap [&hellip;]<\/p>\n","protected":false},"author":1,"featured_media":0,"parent":0,"menu_order":0,"comment_status":"closed","ping_status":"closed","template":"","meta":{"footnotes":""},"class_list":["post-8226","page","type-page","status-publish","hentry"],"_links":{"self":[{"href":"https:\/\/swedishgolfalliance.com\/de\/wp-json\/wp\/v2\/pages\/8226","targetHints":{"allow":["GET"]}}],"collection":[{"href":"https:\/\/swedishgolfalliance.com\/de\/wp-json\/wp\/v2\/pages"}],"about":[{"href":"https:\/\/swedishgolfalliance.com\/de\/wp-json\/wp\/v2\/types\/page"}],"author":[{"embeddable":true,"href":"https:\/\/swedishgolfalliance.com\/de\/wp-json\/wp\/v2\/users\/1"}],"replies":[{"embeddable":true,"href":"https:\/\/swedishgolfalliance.com\/de\/wp-json\/wp\/v2\/comments?post=8226"}],"version-history":[{"count":1,"href":"https:\/\/swedishgolfalliance.com\/de\/wp-json\/wp\/v2\/pages\/8226\/revisions"}],"predecessor-version":[{"id":8230,"href":"https:\/\/swedishgolfalliance.com\/de\/wp-json\/wp\/v2\/pages\/8226\/revisions\/8230"}],"wp:attachment":[{"href":"https:\/\/swedishgolfalliance.com\/de\/wp-json\/wp\/v2\/media?parent=8226"}],"curies":[{"name":"wp","href":"https:\/\/api.w.org\/{rel}","templated":true}]}}