{"id":8237,"date":"2026-03-12T01:09:16","date_gmt":"2026-03-12T00:09:16","guid":{"rendered":"https:\/\/swedishgolfalliance.com\/widerrufs-und-rueckgaberecht\/"},"modified":"2026-03-12T01:33:54","modified_gmt":"2026-03-12T00:33:54","slug":"widerrufs-und-rueckgaberecht","status":"publish","type":"page","link":"https:\/\/swedishgolfalliance.com\/de\/widerrufs-und-rueckgaberecht\/","title":{"rendered":"Widerrufs- und R\u00fcckgaberecht"},"content":{"rendered":"\n<p><b>Dies ist eine Beispielseite.<\/b><\/p>\n\n<h2 class=\"wp-block-heading\">\u00dcberblick<\/h2>\n\n<p>Unsere R\u00fcckgaberichtlinie gilt f\u00fcr 30 Tage. Wenn seit deinem Kauf 30 Tage vergangen sind, k\u00f6nnen wir dir leider keine volle R\u00fcckerstattung und keinen Umtausch anbieten. <\/p>\n\n<p>Um f\u00fcr eine R\u00fcckgabe berechtigt zu sein, muss dein Artikel unbenutzt und im selben Zustand sein, in dem du ihn erhalten hast. Er muss sich au\u00dferdem in der Originalverpackung befinden. <\/p>\n\n<p>Verschiedene Arten von Waren sind von der R\u00fcckgabe ausgeschlossen. Verderbliche Waren wie Lebensmittel, Blumen, Zeitungen oder Zeitschriften k\u00f6nnen nicht zur\u00fcckgegeben werden. Wir akzeptieren auch keine Produkte, bei denen es sich um Intim- oder Hygieneartikel, gef\u00e4hrliche Stoffe oder brennbare Fl\u00fcssigkeiten oder Gase handelt.  <\/p>\n\n<p>Zus\u00e4tzliche nicht r\u00fcckgabef\u00e4hige Artikel:<\/p>\n\n<ul class=\"wp-block-list\">\n<li>Geschenkkarten<\/li>\n<li>Herunterladbare Softwareprodukte<\/li>\n<li>Einige Gesundheits- und K\u00f6rperpflegeartikel<\/li>\n<\/ul>\n\n<p>Um deine R\u00fcckgabe abzuschlie\u00dfen, ben\u00f6tigen wir eine Quittung oder einen Kaufbeleg.<\/p>\n\n<p>Bitte sende deinen Kauf nicht an den Hersteller zur\u00fcck.<\/p>\n\n<p>Es gibt bestimmte Situationen, in denen nur teilweise R\u00fcckerstattungen gew\u00e4hrt werden:<\/p>\n\n<ul class=\"wp-block-list\">\n<li>B\u00fccher mit offensichtlichen Gebrauchsspuren<\/li>\n<li>CDs, DVDs, VHS-Kassetten, Software, Videospiele, Kassetten oder Schallplatten, die ge\u00f6ffnet wurden.<\/li>\n<li>Jeder Artikel, der sich nicht im Originalzustand befindet, besch\u00e4digt ist oder bei dem Teile aus Gr\u00fcnden fehlen, die nicht auf unseren Fehler zur\u00fcckzuf\u00fchren sind.<\/li>\n<li>Jeder Artikel, der sp\u00e4ter als 30 Tage nach der Lieferung zur\u00fcckgegeben wird<\/li>\n<\/ul>\n\n<h2 class=\"wp-block-heading\">R\u00fcckerstattungen<\/h2>\n\n<p>Sobald deine R\u00fccksendung eingegangen ist und gepr\u00fcft wurde, senden wir dir eine E-Mail, um dich dar\u00fcber zu informieren, dass wir deinen zur\u00fcckgegebenen Artikel erhalten haben. Wir werden dich auch \u00fcber die Genehmigung oder Ablehnung deiner R\u00fcckerstattung benachrichtigen. <\/p>\n\n<p>Wenn die R\u00fcckerstattung genehmigt wurde, wird sie bearbeitet und innerhalb einer bestimmten Anzahl von Tagen erfolgt automatisch eine Gutschrift auf deine Kreditkarte oder die urspr\u00fcngliche Zahlungsmethode.<\/p>\n\n<h3 class=\"wp-block-heading\">Versp\u00e4tete oder fehlende R\u00fcckerstattungen<\/h3>\n\n<p>Wenn du noch keine R\u00fcckerstattung erhalten hast, pr\u00fcfe zuerst noch einmal dein Bankkonto.<\/p>\n\n<p>Wende dich dann an dein Kreditkartenunternehmen; es kann einige Zeit dauern, bis deine R\u00fcckerstattung offiziell verbucht wird.<\/p>\n\n<p>Wende dich als N\u00e4chstes an deine Bank. Es gibt oft eine gewisse Bearbeitungszeit, bevor eine R\u00fcckerstattung verbucht wird. <\/p>\n\n<p>Wenn du dies alles getan hast und deine R\u00fcckerstattung immer noch nicht erhalten hast, kontaktiere uns bitte unter {email address}.<\/p>\n\n<h3 class=\"wp-block-heading\">Reduzierte Artikel<\/h3>\n\n<p>Nur Artikel mit regul\u00e4rem Preis k\u00f6nnen erstattet werden. Reduzierte Artikel sind von der R\u00fcckerstattung ausgeschlossen. <\/p>\n\n<h2 class=\"wp-block-heading\">Umtausch<\/h2>\n\n<p>Wir ersetzen Artikel nur, wenn sie defekt oder besch\u00e4digt sind. Wenn du einen Artikel gegen denselben Artikel umtauschen m\u00f6chtest, sende uns eine E-Mail an {email address} und schicke deinen Artikel an: {physical address}. <\/p>\n\n<h2 class=\"wp-block-heading\">Geschenke<\/h2>\n\n<p>Wenn der Artikel beim Kauf als Geschenk markiert und direkt an dich versandt wurde, erh\u00e4ltst du eine Gutschrift in H\u00f6he des Wertes deiner R\u00fccksendung. Sobald der zur\u00fcckgesandte Artikel bei uns eingegangen ist, wird dir ein Geschenkgutschein per Post zugeschickt. <\/p>\n\n<p>Wenn der Artikel beim Kauf nicht als Geschenk markiert war oder der Schenkende die Bestellung an sich selbst hat schicken lassen, um sie dir sp\u00e4ter zu schenken, senden wir eine R\u00fcckerstattung an den Schenkenden und dieser wird von deiner R\u00fcckgabe erfahren.<\/p>\n\n<h2 class=\"wp-block-heading\">R\u00fcckversand<\/h2>\n\n<p>Um dein Produkt zur\u00fcckzusenden, solltest du es an folgende Adresse schicken: {physical address}.<\/p>\n\n<p>Du bist f\u00fcr die Zahlung deiner eigenen Versandkosten f\u00fcr die R\u00fccksendung deines Artikels selbst verantwortlich. Versandkosten sind nicht erstattungsf\u00e4hig. Wenn du eine R\u00fcckerstattung erh\u00e4ltst, werden die Kosten f\u00fcr den R\u00fcckversand von deiner R\u00fcckerstattung abgezogen.  <\/p>\n\n<p>Je nachdem, wo du wohnst, kann es unterschiedlich lange dauern, bis das umgetauschte Produkt bei dir eintrifft.<\/p>\n\n<p>Wenn du teurere Artikel zur\u00fccksendest, solltest du einen verfolgbaren Versanddienst nutzen oder eine Versandversicherung abschlie\u00dfen. Wir garantieren nicht, dass wir deinen zur\u00fcckgesandten Artikel erhalten. <\/p>\n\n<h2 class=\"wp-block-heading\">Brauchst du Hilfe?<\/h2>\n\n<p>Kontaktiere uns unter {email} bei Fragen zu R\u00fcckerstattungen und R\u00fcckgaben.<\/p>\n","protected":false},"excerpt":{"rendered":"<p>Dies ist eine Beispielseite. \u00dcberblick Unsere R\u00fcckgaberichtlinie gilt f\u00fcr 30 Tage. Wenn seit deinem Kauf 30 Tage vergangen sind, k\u00f6nnen wir dir leider keine volle R\u00fcckerstattung und keinen Umtausch anbieten. Um f\u00fcr eine R\u00fcckgabe berechtigt zu sein, muss dein Artikel unbenutzt und im selben Zustand sein, in dem du ihn erhalten hast. Er muss sich [&hellip;]<\/p>\n","protected":false},"author":1,"featured_media":0,"parent":0,"menu_order":0,"comment_status":"closed","ping_status":"closed","template":"","meta":{"footnotes":""},"class_list":["post-8237","page","type-page","status-publish","hentry"],"_links":{"self":[{"href":"https:\/\/swedishgolfalliance.com\/de\/wp-json\/wp\/v2\/pages\/8237","targetHints":{"allow":["GET"]}}],"collection":[{"href":"https:\/\/swedishgolfalliance.com\/de\/wp-json\/wp\/v2\/pages"}],"about":[{"href":"https:\/\/swedishgolfalliance.com\/de\/wp-json\/wp\/v2\/types\/page"}],"author":[{"embeddable":true,"href":"https:\/\/swedishgolfalliance.com\/de\/wp-json\/wp\/v2\/users\/1"}],"replies":[{"embeddable":true,"href":"https:\/\/swedishgolfalliance.com\/de\/wp-json\/wp\/v2\/comments?post=8237"}],"version-history":[{"count":1,"href":"https:\/\/swedishgolfalliance.com\/de\/wp-json\/wp\/v2\/pages\/8237\/revisions"}],"predecessor-version":[{"id":8238,"href":"https:\/\/swedishgolfalliance.com\/de\/wp-json\/wp\/v2\/pages\/8237\/revisions\/8238"}],"wp:attachment":[{"href":"https:\/\/swedishgolfalliance.com\/de\/wp-json\/wp\/v2\/media?parent=8237"}],"curies":[{"name":"wp","href":"https:\/\/api.w.org\/{rel}","templated":true}]}}